{"id":876,"date":"2020-03-31T22:51:11","date_gmt":"2020-03-31T22:51:11","guid":{"rendered":"https:\/\/staging8.cleanteqwater.com\/?page_id=876"},"modified":"2020-07-06T05:19:28","modified_gmt":"2020-07-06T05:19:28","slug":"eliminacion-de-boro","status":"publish","type":"page","link":"https:\/\/www.cleanteqwater.com\/es\/soluciones\/eliminacion-de-impurezas\/eliminacion-de-boro\/","title":{"rendered":"Eliminaci\u00f3n de Boro"},"content":{"rendered":"\n<h1 class=\"has-text-align-center wp-block-heading\">Eliminaci\u00f3n de Boro<\/h1>\n\n\n\n<p>El boro es un metaloide que se encuentra en los alimentos y en el medio ambiente. En las aguas naturales, el boro suele existir en forma de \u00e1cido b\u00f3rico o iones de boro, y la mayor parte del boro de la Tierra se encuentra en el oc\u00e9ano. Las aguas dulces de superficie suelen contener una peque\u00f1a concentraci\u00f3n de boro, pero puede aumentar considerablemente como resultado de las descargas de aguas residuales, ya que el boro es un ingrediente de los productos de lavado dom\u00e9sticos.<\/p>\n\n\n\n<p>Una mayor concentraci\u00f3n de boro puede estar presente en las aguas subterr\u00e1neas como resultado de la lixiviaci\u00f3n de rocas y suelos que contienen compuestos de boro. Los compuestos de boro pueden utilizarse com\u00fanmente en la fabricaci\u00f3n de vidrio y cer\u00e1mica, los jabones y detergentes, los productos retardantes de fuego, los productos farmac\u00e9uticos, los plaguicidas y los fertilizantes agr\u00edcolas, y el agua con alto contenido de boro debe tratarse antes de su descarga.<\/p>\n\n\n\n<p>El boro es un nutriente esencial para las plantas, aunque en cantidades excesivas se vuelve t\u00f3xico. En los seres humanos, las altas concentraciones de boro pueden ser perjudiciales, especialmente para los ni\u00f1os y los lactantes, y la Organizaci\u00f3n Mundial de la Salud establece un l\u00edmite de referencia de 0,5 mg\/litro para el agua potable.<\/p>\n\n\n\n<h2 class=\"has-text-align-center wp-block-heading\">Tratamiento del Agua<\/h2>\n\n\n\n<p>El tratamiento del boro en el agua puede ser dif\u00edcil, ya que los m\u00e9todos convencionales de tratamiento del agua no suelen afectar significativamente a las concentraciones de boro. Los m\u00e9todos de membrana, como la \u00f3smosis inversa (OI), pueden utilizarse para reducir las concentraciones de boro, pero puede resultar dif\u00edcil alcanzar los objetivos de eliminaci\u00f3n requeridos.<\/p>\n\n\n\n<h2 class=\"has-text-align-center wp-block-heading\">Nuestra Tecnolog\u00eda<\/h2>\n\n\n\n<p>Nuestra tecnolog\u00eda <a href=\"https:\/\/www.cleanteqwater.com\/es\/tecnologia\/cif\/\">CIF<sup>\u00ae<\/sup><\/a> (filtraci\u00f3n i\u00f3nica continua) puede reducir o eliminar el boro del agua, utilizando una resina de intercambio de aniones de base s\u00f3lida o una espec\u00edfica de boro. El proceso combina la filtraci\u00f3n f\u00edsica continua y simult\u00e1nea y el intercambio de iones en un \u00fanico y robusto proceso en el que el pretratamiento no suele ser necesario. Las plantas CIF<sup>\u00ae<\/sup> suelen tener un bajo gasto de capital y de funcionamiento y alcanzan altas tasas de recuperaci\u00f3n.<\/p>\n\n\n\n<div class=\"wp-block-group\"><div class=\"wp-block-group__inner-container is-layout-flow wp-block-group-is-layout-flow\">\n<h2 class=\"has-text-align-center wp-block-heading\">Obtenga M\u00e1s Informaci\u00f3n<\/h2>\n\n\n\n<p class=\"has-text-align-center\"><a href=\"https:\/\/www.cleanteqwater.com\/es\/contactenos\/\">Cont\u00e1ctenos<\/a> para conocer sus necesidades de tratamiento de agua.<\/p>\n<\/div><\/div>\n","protected":false},"excerpt":{"rendered":"<p>Eliminaci\u00f3n de Boro El boro es un metaloide que se encuentra en los alimentos y en el medio ambiente. En las aguas naturales, el boro suele existir en forma de \u00e1cido b\u00f3rico o iones de boro, y la mayor parte del boro de la Tierra se encuentra en el oc\u00e9ano. Las aguas dulces de superficie [&hellip;]<\/p>\n","protected":false},"author":8,"featured_media":1939,"parent":282,"menu_order":0,"comment_status":"closed","ping_status":"closed","template":"template-img64.php","meta":{"inline_featured_image":false,"footnotes":""},"class_list":["post-876","page","type-page","status-publish","has-post-thumbnail","hentry"],"_links":{"self":[{"href":"https:\/\/www.cleanteqwater.com\/es\/wp-json\/wp\/v2\/pages\/876","targetHints":{"allow":["GET"]}}],"collection":[{"href":"https:\/\/www.cleanteqwater.com\/es\/wp-json\/wp\/v2\/pages"}],"about":[{"href":"https:\/\/www.cleanteqwater.com\/es\/wp-json\/wp\/v2\/types\/page"}],"author":[{"embeddable":true,"href":"https:\/\/www.cleanteqwater.com\/es\/wp-json\/wp\/v2\/users\/8"}],"replies":[{"embeddable":true,"href":"https:\/\/www.cleanteqwater.com\/es\/wp-json\/wp\/v2\/comments?post=876"}],"version-history":[{"count":9,"href":"https:\/\/www.cleanteqwater.com\/es\/wp-json\/wp\/v2\/pages\/876\/revisions"}],"predecessor-version":[{"id":2355,"href":"https:\/\/www.cleanteqwater.com\/es\/wp-json\/wp\/v2\/pages\/876\/revisions\/2355"}],"up":[{"embeddable":true,"href":"https:\/\/www.cleanteqwater.com\/es\/wp-json\/wp\/v2\/pages\/282"}],"wp:featuredmedia":[{"embeddable":true,"href":"https:\/\/www.cleanteqwater.com\/es\/wp-json\/wp\/v2\/media\/1939"}],"wp:attachment":[{"href":"https:\/\/www.cleanteqwater.com\/es\/wp-json\/wp\/v2\/media?parent=876"}],"curies":[{"name":"wp","href":"https:\/\/api.w.org\/{rel}","templated":true}]}}