{"id":433,"date":"2020-03-24T22:50:25","date_gmt":"2020-03-24T22:50:25","guid":{"rendered":"https:\/\/staging8.cleanteqwater.com\/?page_id=433"},"modified":"2020-07-06T05:05:35","modified_gmt":"2020-07-06T05:05:35","slug":"bioclens-suministro-de-lentes","status":"publish","type":"page","link":"https:\/\/www.cleanteqwater.com\/es\/servicios\/bioclens-suministro-de-lentes\/","title":{"rendered":"BIOCLENS\u2122 Suministro de Lentes"},"content":{"rendered":"\n<h2 class=\"has-text-align-center wp-block-heading\">BIOCLENS\u2122 Suministro de Lentes<\/h2>\n\n\n\n<p>Nuestros lentes <a class=\"rank-math-link rank-math-link\" href=\"https:\/\/www.cleanteqwater.com\/es\/tecnologia\/bioclens\/\">BIOCLENS\u2122<\/a> contienen una matriz suspendida de bacterias, encapsulada dentro de un lente PVA. Se pueden utilizar como parte de un sistema aut\u00f3nomo o como componente clave de nuestra tecnolog\u00eda <a href=\"https:\/\/www.cleanteqwater.com\/es\/tecnologia\/bionex\/\">BIONEX\u2122<\/a> sirviendo como biocatalizador para los procesos de nitrificaci\u00f3n y desnitrificaci\u00f3n. Este proceso reduce la demanda qu\u00edmica de ox\u00edgeno (DQO) del agua y elimina nutrientes como el amon\u00edaco y los nitratos.<\/p>\n\n\n\n<div class=\"wp-block-image\"><figure class=\"aligncenter size-large\"><img loading=\"lazy\" decoding=\"async\" width=\"932\" height=\"497\" src=\"\/cdn-cgi\/image\/quality=80,format=auto,onerror=redirect,metadata=none\/wp-content\/uploads\/sites\/4\/2020\/06\/bioclens.png\" alt=\"\" class=\"wp-image-2338\" title=\"\" srcset=\"\/cdn-cgi\/image\/quality=80,format=auto,onerror=redirect,metadata=none\/wp-content\/uploads\/sites\/4\/2020\/06\/bioclens.png 932w, \/cdn-cgi\/image\/width=300,height=160,fit=crop,quality=80,format=auto,onerror=redirect,metadata=none\/wp-content\/uploads\/sites\/4\/2020\/06\/bioclens.png 300w, \/cdn-cgi\/image\/width=768,height=410,fit=crop,quality=80,format=auto,onerror=redirect,metadata=none\/wp-content\/uploads\/sites\/4\/2020\/06\/bioclens.png 768w\" sizes=\"auto, (max-width: 932px) 100vw, 932px\" \/><\/figure><\/div>\n\n\n\n<h2 class=\"has-text-align-center wp-block-heading\">Fabricaci\u00f3n y Suministro<\/h2>\n\n\n\n<p>Nuestros lentes BIOCLENS\u2122 son producidos por la propia f\u00e1brica de Clean TeQ en Tianjin, lo que permite un suministro m\u00e1s r\u00e1pido, costos m\u00e1s baratos para los clientes, y la aplicaci\u00f3n de un estricto control de calidad. Los lentes se env\u00edan a clientes de todo el mundo.<\/p>\n\n\n\n<div class=\"wp-block-group\"><div class=\"wp-block-group__inner-container is-layout-flow wp-block-group-is-layout-flow\">\n<h2 class=\"has-text-align-center wp-block-heading\">Obtenga M\u00e1s Informaci\u00f3n<\/h2>\n\n\n\n<p class=\"has-text-align-center\"><a href=\"https:\/\/www.cleanteqwater.com\/es\/contactenos\/\">Cont\u00e1ctenos<\/a> para conocer sus necesidades de tratamiento de agua.<\/p>\n<\/div><\/div>\n","protected":false},"excerpt":{"rendered":"<p>BIOCLENS\u2122 Suministro de Lentes Nuestros lentes BIOCLENS\u2122 contienen una matriz suspendida de bacterias, encapsulada dentro de un lente PVA. Se pueden utilizar como parte de un sistema aut\u00f3nomo o como componente clave de nuestra tecnolog\u00eda BIONEX\u2122 sirviendo como biocatalizador para los procesos de nitrificaci\u00f3n y desnitrificaci\u00f3n. Este proceso reduce la demanda qu\u00edmica de ox\u00edgeno (DQO) [&hellip;]<\/p>\n","protected":false},"author":8,"featured_media":1958,"parent":253,"menu_order":0,"comment_status":"closed","ping_status":"closed","template":"template-img64.php","meta":{"inline_featured_image":false,"footnotes":""},"class_list":["post-433","page","type-page","status-publish","has-post-thumbnail","hentry"],"_links":{"self":[{"href":"https:\/\/www.cleanteqwater.com\/es\/wp-json\/wp\/v2\/pages\/433","targetHints":{"allow":["GET"]}}],"collection":[{"href":"https:\/\/www.cleanteqwater.com\/es\/wp-json\/wp\/v2\/pages"}],"about":[{"href":"https:\/\/www.cleanteqwater.com\/es\/wp-json\/wp\/v2\/types\/page"}],"author":[{"embeddable":true,"href":"https:\/\/www.cleanteqwater.com\/es\/wp-json\/wp\/v2\/users\/8"}],"replies":[{"embeddable":true,"href":"https:\/\/www.cleanteqwater.com\/es\/wp-json\/wp\/v2\/comments?post=433"}],"version-history":[{"count":16,"href":"https:\/\/www.cleanteqwater.com\/es\/wp-json\/wp\/v2\/pages\/433\/revisions"}],"predecessor-version":[{"id":2349,"href":"https:\/\/www.cleanteqwater.com\/es\/wp-json\/wp\/v2\/pages\/433\/revisions\/2349"}],"up":[{"embeddable":true,"href":"https:\/\/www.cleanteqwater.com\/es\/wp-json\/wp\/v2\/pages\/253"}],"wp:featuredmedia":[{"embeddable":true,"href":"https:\/\/www.cleanteqwater.com\/es\/wp-json\/wp\/v2\/media\/1958"}],"wp:attachment":[{"href":"https:\/\/www.cleanteqwater.com\/es\/wp-json\/wp\/v2\/media?parent=433"}],"curies":[{"name":"wp","href":"https:\/\/api.w.org\/{rel}","templated":true}]}}