{"id":419,"date":"2020-03-24T22:46:53","date_gmt":"2020-03-24T22:46:53","guid":{"rendered":"https:\/\/staging8.cleanteqwater.com\/?page_id=419"},"modified":"2020-07-06T23:02:27","modified_gmt":"2020-07-06T23:02:27","slug":"industria-pesquera","status":"publish","type":"page","link":"https:\/\/www.cleanteqwater.com\/es\/mercados\/industria-pesquera\/","title":{"rendered":"Tratamiento de Aguas Residuales en la Industria Pesquera"},"content":{"rendered":"\n<h1 class=\"has-text-align-center wp-block-heading\">Tratamiento de Aguas Residuales en la Industria Pesquera<\/h1>\n\n\n\n<p>Las pesquer\u00edas producen aguas residuales que suelen tener un alto contenido de materia org\u00e1nica y microorganismos, que pueden estar presentes como s\u00f3lidos o disueltos en el agua. La cantidad de contaminaci\u00f3n depende de una serie de factores, entre ellos la operaci\u00f3n espec\u00edfica que se realiza y la especie de peces. El alto contenido de materia org\u00e1nica suele provocar una elevada demanda bioqu\u00edmica de ox\u00edgeno (DBO) y demanda qu\u00edmica de ox\u00edgeno (DQO), que requiere la eliminaci\u00f3n de la DQO\/DBO antes de que el agua pueda ser reutilizada o descargada. Junto con esto, los departamentos medioambientales suelen restringir las concentraciones de s\u00f3lidos totales en suspensi\u00f3n (SST) y de aceites\/grasas antes de que el agua pueda ser vertida a un dep\u00f3sito de aguas residuales o a las aguas superficiales.<\/p>\n\n\n\n<h2 class=\"has-text-align-center wp-block-heading\">Tratamiento del Agua<\/h2>\n\n\n\n<p>La industria pesquera suele utilizar t\u00e9cnicas de procesamiento semejantes a las de las plantas municipales de tratamiento (de aguas residuales), comenzando por el filtrado primario para eliminar los s\u00f3lidos de mayor tama\u00f1o (normalmente de 0,7 mm o m\u00e1s), y asent\u00e1ndose en clarificadores para eliminar a\u00fan m\u00e1s los s\u00f3lidos. El tratamiento secundario utiliza m\u00e9todos biol\u00f3gicos como el retorno del lodo activado (RAS) para proporcionar microorganismos, y la ventilaci\u00f3n para proporcionar ox\u00edgeno, creando condiciones para descomponer r\u00e1pidamente la materia org\u00e1nica en un proceso aer\u00f3bico. Seg\u00fan los microorganismos que se utilicen, pueden requerirse condiciones anaer\u00f3bicas para su crecimiento.<\/p>\n\n\n\n<h2 class=\"has-text-align-center wp-block-heading\">Nuestras Tecnolog\u00edas<\/h2>\n\n\n\n<p>La tecnolog\u00eda&nbsp;<a href=\"https:\/\/www.cleanteqwater.com\/es\/tecnologia\/cif\/\">CIF<sup>\u00ae<\/sup><\/a>&nbsp;(filtraci\u00f3n i\u00f3nica continua) de Clean TeQ Water puede proporcionar un tratamiento terciario de las aguas residuales para reducir los niveles de DQO\/DBO, TN y TP para las normas de descarga m\u00e1s estrictas. El proceso proporciona una filtraci\u00f3n f\u00edsica continua, junto con resinas cuidadosamente seleccionadas para atacar y eliminar el nitr\u00f3geno y el f\u00f3sforo del agua. Tambi\u00e9n hay una excelente resistencia a las incrustaciones, y el proceso funciona con menores requerimientos de energ\u00eda que otras tecnolog\u00edas de membrana\/filtraci\u00f3n.<\/p>\n\n\n\n<p>Nuestra tecnolog\u00eda <a href=\"https:\/\/www.cleanteqwater.com\/es\/tecnologia\/bionex\/\">BIONEX\u2122<\/a> utiliza CIF\u00ae para eliminar los elementos org\u00e1nicos, el nitr\u00f3geno y el f\u00f3sforo del agua de alimentaci\u00f3n, y luego emplea nuestra tecnolog\u00eda de bacterias encapsuladas&nbsp;<a class=\"rank-math-link\" href=\"https:\/\/www.cleanteqwater.com\/es\/tecnologia\/bioclens\/\">BIOCLENS\u2122<\/a>&nbsp;para tratarlas, lo que permite reutilizar la salmuera. La estructura de la lente permite mayores \u00edndices de difusi\u00f3n que otras formas y permite la reutilizaci\u00f3n y una clara separaci\u00f3n de las bacterias del l\u00edquido que se est\u00e1 tratando.<\/p>\n\n\n\n<div class=\"wp-block-group\"><div class=\"wp-block-group__inner-container is-layout-flow wp-block-group-is-layout-flow\">\n<h2 class=\"has-text-align-center wp-block-heading\">Obtenga M\u00e1s Informaci\u00f3n<\/h2>\n\n\n\n<p class=\"has-text-align-center\"><a href=\"https:\/\/www.cleanteqwater.com\/es\/contactenos\/\">Cont\u00e1ctenos<\/a> para conocer sus necesidades de tratamiento de agua.<\/p>\n<\/div><\/div>\n","protected":false},"excerpt":{"rendered":"<p>Tratamiento de Aguas Residuales en la Industria Pesquera Las pesquer\u00edas producen aguas residuales que suelen tener un alto contenido de materia org\u00e1nica y microorganismos, que pueden estar presentes como s\u00f3lidos o disueltos en el agua. La cantidad de contaminaci\u00f3n depende de una serie de factores, entre ellos la operaci\u00f3n espec\u00edfica que se realiza y la [&hellip;]<\/p>\n","protected":false},"author":8,"featured_media":1946,"parent":30,"menu_order":0,"comment_status":"closed","ping_status":"closed","template":"template-img64.php","meta":{"inline_featured_image":false,"footnotes":""},"class_list":["post-419","page","type-page","status-publish","has-post-thumbnail","hentry"],"_links":{"self":[{"href":"https:\/\/www.cleanteqwater.com\/es\/wp-json\/wp\/v2\/pages\/419","targetHints":{"allow":["GET"]}}],"collection":[{"href":"https:\/\/www.cleanteqwater.com\/es\/wp-json\/wp\/v2\/pages"}],"about":[{"href":"https:\/\/www.cleanteqwater.com\/es\/wp-json\/wp\/v2\/types\/page"}],"author":[{"embeddable":true,"href":"https:\/\/www.cleanteqwater.com\/es\/wp-json\/wp\/v2\/users\/8"}],"replies":[{"embeddable":true,"href":"https:\/\/www.cleanteqwater.com\/es\/wp-json\/wp\/v2\/comments?post=419"}],"version-history":[{"count":14,"href":"https:\/\/www.cleanteqwater.com\/es\/wp-json\/wp\/v2\/pages\/419\/revisions"}],"predecessor-version":[{"id":2410,"href":"https:\/\/www.cleanteqwater.com\/es\/wp-json\/wp\/v2\/pages\/419\/revisions\/2410"}],"up":[{"embeddable":true,"href":"https:\/\/www.cleanteqwater.com\/es\/wp-json\/wp\/v2\/pages\/30"}],"wp:featuredmedia":[{"embeddable":true,"href":"https:\/\/www.cleanteqwater.com\/es\/wp-json\/wp\/v2\/media\/1946"}],"wp:attachment":[{"href":"https:\/\/www.cleanteqwater.com\/es\/wp-json\/wp\/v2\/media?parent=419"}],"curies":[{"name":"wp","href":"https:\/\/api.w.org\/{rel}","templated":true}]}}