{"id":417,"date":"2020-03-24T22:46:33","date_gmt":"2020-03-24T22:46:33","guid":{"rendered":"https:\/\/staging8.cleanteqwater.com\/?page_id=417"},"modified":"2020-07-06T04:51:41","modified_gmt":"2020-07-06T04:51:41","slug":"carbon-quimicos-finos-y-petroquimicos","status":"publish","type":"page","link":"https:\/\/www.cleanteqwater.com\/es\/mercados\/carbon-quimicos-finos-y-petroquimicos\/","title":{"rendered":"Carb\u00f3n, Qu\u00edmicos Finos y Petroqu\u00edmicos"},"content":{"rendered":"\n<h2 class=\"has-text-align-center wp-block-heading\">Carb\u00f3n, Qu\u00edmicos Finos y Petroqu\u00edmicos<\/h2>\n\n\n\n<p>Las plantas qu\u00edmicas de gran escala como las refiner\u00edas, la qu\u00edmica fina y las plantas qu\u00edmicas de carb\u00f3n consumen una gran cantidad de agua y crean grandes vol\u00famenes de aguas residuales dif\u00edciles de tratar. Debido a su ubicaci\u00f3n y al volumen de agua requerido, estas plantas a menudo extraen agua de fuentes de aguas subterr\u00e1neas o superficiales para utilizarla como agua de proceso, que puede requerir tratamiento antes de su uso. La preocupaci\u00f3n por la contaminaci\u00f3n ambiental al descargar agua contaminada de la planta a menudo da lugar a requisitos de descarga muy estrictos, o incluso a una descarga cero l\u00edquidos (ZLD).<\/p>\n\n\n\n<h2 class=\"has-text-align-center wp-block-heading\">Tratamiento del Agua<\/h2>\n\n\n\n<p>Se pueden utilizar diversas tecnolog\u00edas de tratamiento de aguas para las aguas residuales industriales, dependiendo de los contaminantes. Esto incluye m\u00e9todos de membrana\/filtraci\u00f3n como la \u00f3smosis inversa (OI), el suavizado con cal, la destilaci\u00f3n y el intercambio de iones. La tecnolog\u00eda se elige generalmente en funci\u00f3n de los contaminantes que deben eliminarse y del costo del sistema.<\/p>\n\n\n\n<h2 class=\"has-text-align-center wp-block-heading\">Nuestras Tecnolog\u00edas<\/h2>\n\n\n\n<p>Todas las tecnolog\u00edas de Clean TeQ Water podr\u00edan aplicarse para tratar las aguas residuales industriales, con la tecnolog\u00eda seleccionada en funci\u00f3n de los contaminantes del agua. Con regulaciones m\u00e1s estrictas que comienzan a afectar al sector industrial, m\u00e1s investigaciones est\u00e1n comenzando a centrarse en las soluciones de ZLD.<\/p>\n\n\n\n<figure class=\"wp-block-table applications\"><table><tbody><tr><td><strong>Soluciones<\/strong><\/td><td><strong>Tecnolog\u00eda<\/strong><\/td><\/tr><tr><td><a href=\"https:\/\/www.cleanteqwater.com\/es\/soluciones\/eliminacion-de-la-dureza\/\">Eliminaci\u00f3n de Dureza<\/a><\/td><td><a href=\"https:\/\/www.cleanteqwater.com\/es\/tecnologia\/cif\/\">CIF<sup>\u00ae<\/sup><\/a>&nbsp;(Filtraci\u00f3n I\u00f3nica Continua)<\/td><\/tr><tr><td><a href=\"https:\/\/www.cleanteqwater.com\/es\/soluciones\/desalinizacion\/\">Desalinizaci\u00f3n<\/a><\/td><td><a href=\"https:\/\/www.cleanteqwater.com\/es\/tecnologia\/desalx\/\">DESALX<sup>\u00ae<\/sup><\/a>&nbsp;(2 Etapas CIF<sup>\u00ae<\/sup>)<br><a href=\"https:\/\/www.cleanteqwater.com\/es\/tecnologia\/hirox\/\">HIROX<sup>\u00ae<\/sup><\/a>&nbsp;(Osmosis Inversa de Alta Recuperaci\u00f3n)<\/td><\/tr><tr><td><a href=\"https:\/\/www.cleanteqwater.com\/es\/soluciones\/eliminacion-de-sulfatos\/\">Eliminaci\u00f3n de Sulfatos<\/a><\/td><td><a href=\"https:\/\/www.cleanteqwater.com\/es\/tecnologia\/desalx\/\">DESALX<sup>\u00ae<\/sup><\/a><\/td><\/tr><tr><td><a href=\"https:\/\/www.cleanteqwater.com\/es\/soluciones\/eliminacion-de-nutrientes\/\">Eliminaci\u00f3n de Nutrientes<\/a><\/td><td><a href=\"https:\/\/www.cleanteqwater.com\/es\/tecnologia\/cif\/\">CIF<sup>\u00ae<\/sup><\/a><br><a href=\"https:\/\/www.cleanteqwater.com\/es\/tecnologia\/bionex\/\">BIONEX\u2122<\/a><br><a href=\"https:\/\/www.cleanteqwater.com\/es\/tecnologia\/bioclens\/\">BIOCLENS\u2122<\/a><\/td><\/tr><tr><td>Eliminaci\u00f3n de Impurezas Met\u00e1licas<\/td><td><a href=\"https:\/\/www.cleanteqwater.com\/es\/tecnologia\/cif\/\">CIF<sup>\u00ae<\/sup><\/a><\/td><\/tr><\/tbody><\/table><\/figure>\n\n\n\n<p>Nuestra tecnolog\u00eda de evaporaci\u00f3n y cristalizaci\u00f3n <a href=\"https:\/\/www.cleanteqwater.com\/es\/tecnologia\/evapx\/\">EVAPX<sup>\u2122<\/sup><\/a> es muy adecuada para tratar aguas residuales altamente contaminadas que alcanzan m\u00e1s del 99% de reciclaje de agua y devolver sales cristalizadas que a veces pueden ser reutilizadas. Esto permite a las plantas cumplir con los requisitos de ZLD utilizando una tecnolog\u00eda robusta que rara vez requiere pretratamiento, incluso para corrientes altamente contaminadas. Utiliza una temperatura baja combinada con aire seco para evaporar la corriente de desechos, evitando problemas con los contaminantes vol\u00e1tiles y proporcionando una soluci\u00f3n m\u00e1s econ\u00f3mica, en particular si se dispone de calor residual.<\/p>\n\n\n\n<div class=\"wp-block-group\"><div class=\"wp-block-group__inner-container is-layout-flow wp-block-group-is-layout-flow\">\n<h2 class=\"has-text-align-center wp-block-heading\">Obtenga M\u00e1s Informaci\u00f3n<\/h2>\n\n\n\n<p class=\"has-text-align-center\"><a href=\"https:\/\/www.cleanteqwater.com\/es\/contactenos\/\">Cont\u00e1ctenos<\/a> para conocer sus necesidades de tratamiento de agua.<\/p>\n<\/div><\/div>\n","protected":false},"excerpt":{"rendered":"<p>Carb\u00f3n, Qu\u00edmicos Finos y Petroqu\u00edmicos Las plantas qu\u00edmicas de gran escala como las refiner\u00edas, la qu\u00edmica fina y las plantas qu\u00edmicas de carb\u00f3n consumen una gran cantidad de agua y crean grandes vol\u00famenes de aguas residuales dif\u00edciles de tratar. Debido a su ubicaci\u00f3n y al volumen de agua requerido, estas plantas a menudo extraen agua [&hellip;]<\/p>\n","protected":false},"author":8,"featured_media":1945,"parent":30,"menu_order":0,"comment_status":"closed","ping_status":"closed","template":"template-img64.php","meta":{"inline_featured_image":false,"footnotes":""},"class_list":["post-417","page","type-page","status-publish","has-post-thumbnail","hentry"],"_links":{"self":[{"href":"https:\/\/www.cleanteqwater.com\/es\/wp-json\/wp\/v2\/pages\/417","targetHints":{"allow":["GET"]}}],"collection":[{"href":"https:\/\/www.cleanteqwater.com\/es\/wp-json\/wp\/v2\/pages"}],"about":[{"href":"https:\/\/www.cleanteqwater.com\/es\/wp-json\/wp\/v2\/types\/page"}],"author":[{"embeddable":true,"href":"https:\/\/www.cleanteqwater.com\/es\/wp-json\/wp\/v2\/users\/8"}],"replies":[{"embeddable":true,"href":"https:\/\/www.cleanteqwater.com\/es\/wp-json\/wp\/v2\/comments?post=417"}],"version-history":[{"count":19,"href":"https:\/\/www.cleanteqwater.com\/es\/wp-json\/wp\/v2\/pages\/417\/revisions"}],"predecessor-version":[{"id":2350,"href":"https:\/\/www.cleanteqwater.com\/es\/wp-json\/wp\/v2\/pages\/417\/revisions\/2350"}],"up":[{"embeddable":true,"href":"https:\/\/www.cleanteqwater.com\/es\/wp-json\/wp\/v2\/pages\/30"}],"wp:featuredmedia":[{"embeddable":true,"href":"https:\/\/www.cleanteqwater.com\/es\/wp-json\/wp\/v2\/media\/1945"}],"wp:attachment":[{"href":"https:\/\/www.cleanteqwater.com\/es\/wp-json\/wp\/v2\/media?parent=417"}],"curies":[{"name":"wp","href":"https:\/\/api.w.org\/{rel}","templated":true}]}}