{"id":321,"date":"2020-03-20T05:00:24","date_gmt":"2020-03-20T05:00:24","guid":{"rendered":"https:\/\/staging8.cleanteqwater.com\/?page_id=321"},"modified":"2021-05-06T06:41:14","modified_gmt":"2021-05-06T06:41:14","slug":"eliminacion-de-la-dqo-dbo","status":"publish","type":"page","link":"https:\/\/www.cleanteqwater.com\/es\/soluciones\/eliminacion-de-la-dqo-dbo\/","title":{"rendered":"Eliminaci\u00f3n de la DQO\/DBO"},"content":{"rendered":"\n<h1 class=\"has-text-align-center wp-block-heading\">Eliminaci\u00f3n de la DQO\/DBO<\/h1>\n\n\n\n<p>La demanda bioqu\u00edmica de ox\u00edgeno (DBO) representa la cantidad de ox\u00edgeno disuelto (OD) que consumen los organismos biol\u00f3gicos cuando descomponen la materia org\u00e1nica en el agua. La demanda qu\u00edmica de ox\u00edgeno (DQO) es la cantidad de ox\u00edgeno consumida cuando la muestra de agua se oxida qu\u00edmicamente.<\/p>\n\n\n\n<p>La DBO y la DQO pueden reducir el OD de lagos y r\u00edos, y las concentraciones bajas pueden causar eutrofizaci\u00f3n y da\u00f1ar la vida acu\u00e1tica. La descarga de aguas residuales municipales y los procesos industriales pueden generar agua con alto contenido de DQO \/ DBO, lo que requiere un tratamiento cuidadoso antes de la descarga para preservar la salud de las v\u00edas fluviales.<\/p>\n\n\n\n<h2 class=\"has-text-align-center wp-block-heading\">Tratamiento del Agua<\/h2>\n\n\n\n<p>La DBO se trata com\u00fanmente con m\u00e9todos biol\u00f3gicos, como agregar bacterias y proporcionar condiciones favorables para descomponer la materia org\u00e1nica r\u00e1pidamente. Las plantas de tratamiento de aguas residuales suelen utilizar lodos activados de retorno (RAS) como fuente de bacterias para tratar las sustancias org\u00e1nicas en el agua.<\/p>\n\n\n\n<h2 class=\"has-text-align-center wp-block-heading\">Nuestras Tecnolog\u00edas<\/h2>\n\n\n\n<p>Clean TeQ Water proporciona un tratamiento terciario de las aguas residuales, puliendo los nutrientes o mejorando la calidad del agua una vez que se ha eliminado la mayor parte de la DQO y la DBO. Los m\u00e9todos de tratamiento como RAS o biorreactores de membrana se utilizan com\u00fanmente como m\u00e9todos de tratamiento secundario para eliminar la DQO y la DBO. Nuestra tecnolog\u00eda BIOCLENS \u2122 puede reducir la DQO de las aguas residuales dependiendo de su especiaci\u00f3n, cuando las bacterias encapsuladas la utilizan como fuente de alimento durante la desnitrificaci\u00f3n.<\/p>\n\n\n\n<div class=\"wp-block-group\"><div class=\"wp-block-group__inner-container is-layout-flow wp-block-group-is-layout-flow\">\n<h2 class=\"has-text-align-center wp-block-heading\">Obtenga M\u00e1s Informaci\u00f3n<\/h2>\n\n\n\n<p class=\"has-text-align-center\"><a href=\"https:\/\/www.cleanteqwater.com\/es\/contactenos\/\">Cont\u00e1ctenos<\/a> para conocer sus necesidades de tratamiento de agua.<\/p>\n<\/div><\/div>\n","protected":false},"excerpt":{"rendered":"<p>Eliminaci\u00f3n de la DQO\/DBO La demanda bioqu\u00edmica de ox\u00edgeno (DBO) representa la cantidad de ox\u00edgeno disuelto (OD) que consumen los organismos biol\u00f3gicos cuando descomponen la materia org\u00e1nica en el agua. La demanda qu\u00edmica de ox\u00edgeno (DQO) es la cantidad de ox\u00edgeno consumida cuando la muestra de agua se oxida qu\u00edmicamente. La DBO y la DQO [&hellip;]<\/p>\n","protected":false},"author":8,"featured_media":1939,"parent":251,"menu_order":0,"comment_status":"closed","ping_status":"closed","template":"template-img64.php","meta":{"inline_featured_image":false,"footnotes":""},"class_list":["post-321","page","type-page","status-publish","has-post-thumbnail","hentry"],"_links":{"self":[{"href":"https:\/\/www.cleanteqwater.com\/es\/wp-json\/wp\/v2\/pages\/321","targetHints":{"allow":["GET"]}}],"collection":[{"href":"https:\/\/www.cleanteqwater.com\/es\/wp-json\/wp\/v2\/pages"}],"about":[{"href":"https:\/\/www.cleanteqwater.com\/es\/wp-json\/wp\/v2\/types\/page"}],"author":[{"embeddable":true,"href":"https:\/\/www.cleanteqwater.com\/es\/wp-json\/wp\/v2\/users\/8"}],"replies":[{"embeddable":true,"href":"https:\/\/www.cleanteqwater.com\/es\/wp-json\/wp\/v2\/comments?post=321"}],"version-history":[{"count":11,"href":"https:\/\/www.cleanteqwater.com\/es\/wp-json\/wp\/v2\/pages\/321\/revisions"}],"predecessor-version":[{"id":2429,"href":"https:\/\/www.cleanteqwater.com\/es\/wp-json\/wp\/v2\/pages\/321\/revisions\/2429"}],"up":[{"embeddable":true,"href":"https:\/\/www.cleanteqwater.com\/es\/wp-json\/wp\/v2\/pages\/251"}],"wp:featuredmedia":[{"embeddable":true,"href":"https:\/\/www.cleanteqwater.com\/es\/wp-json\/wp\/v2\/media\/1939"}],"wp:attachment":[{"href":"https:\/\/www.cleanteqwater.com\/es\/wp-json\/wp\/v2\/media?parent=321"}],"curies":[{"name":"wp","href":"https:\/\/api.w.org\/{rel}","templated":true}]}}