{"id":320,"date":"2020-03-20T05:00:05","date_gmt":"2020-03-20T05:00:05","guid":{"rendered":"https:\/\/staging8.cleanteqwater.com\/?page_id=320"},"modified":"2020-07-06T05:27:48","modified_gmt":"2020-07-06T05:27:48","slug":"eliminacion-de-sulfatos","status":"publish","type":"page","link":"https:\/\/www.cleanteqwater.com\/es\/soluciones\/eliminacion-de-sulfatos\/","title":{"rendered":"Eliminaci\u00f3n de Sulfatos"},"content":{"rendered":"\n<h1 class=\"has-text-align-center wp-block-heading\">Eliminaci\u00f3n de Sulfatos<\/h1>\n\n\n\n<p>El sulfato est\u00e1 ampliamente distribuido en la naturaleza y puede estar presente en las aguas naturales en una variedad de concentraciones. El sulfato s\u00f3lo se considera t\u00f3xico a niveles muy altos, pero puede afectar al sabor y al color del agua en concentraciones superiores a 600mg\/L. Se sabe que los niveles superiores a 1.000mg\/L proporcionan un efecto laxante, aunque las poblaciones m\u00e1s sensibles pueden verse afectadas a niveles de 500mg\/L. La reducci\u00f3n de los sulfatos tambi\u00e9n puede dar lugar a la producci\u00f3n de sulfuro de hidr\u00f3geno, lo que supone una amenaza t\u00f3xica para el medio ambiente y causa la muerte de peces, plantas y plancton.<\/p>\n\n\n\n<p>Junto con estas cuestiones, el agua rica en sulfatos tambi\u00e9n tiene un alto potencial de degradaci\u00f3n, lo que puede da\u00f1ar el equipo de tratamiento de aguas, miner\u00eda o procesos industriales. Por estas razones, es importante reducir la concentraci\u00f3n de sulfato del agua antes de su uso o eliminaci\u00f3n.<\/p>\n\n\n\n<p>Un nivel aceptable de concentraci\u00f3n de sulfatos depende del uso que se haga del agua o del lugar en que se elimine, y el nivel var\u00eda mucho de un pa\u00eds a otro. Para su uso como agua potable o para su descarga en aguas superficiales, como los r\u00edos, la mayor\u00eda de los pa\u00edses se han aproximado a los 250mg\/L, un nivel que generalmente es lo suficientemente bajo como para prevenir los cambios de sabor y color, y para prevenir los s\u00edntomas de la diarrea.<\/p>\n\n\n\n<h2 class=\"has-text-align-center wp-block-heading\">Tratamiento del Agua<\/h2>\n\n\n\n<p>Varias tecnolog\u00edas de tratamiento son utilizadas para tratar los sulfatos, siendo algunas de las m\u00e1s comunes la precipitaci\u00f3n qu\u00edmica y la filtraci\u00f3n por membrana.<\/p>\n\n\n\n<p>El tratamiento del agua con cal hidratada es probablemente el m\u00e9todo de precipitaci\u00f3n qu\u00edmica m\u00e1s com\u00fan, y puede utilizarse en aguas con concentraciones de sulfatos de hasta 8.000mg\/L. El proceso es de bajo costo, produce residuos de yeso y no requiere de un tratamiento previo para su realizaci\u00f3n. El yeso tiene un alto potencial de formaci\u00f3n de incrustaciones al precipitarse, formando f\u00e1cilmente una capa dura de incrustaciones en tuber\u00edas y equipos. Hasta 1.800mg\/L de sulfatos pueden permanecer en la soluci\u00f3n tambi\u00e9n, requiriendo un tratamiento adicional para alcanzar niveles de concentraci\u00f3n aceptables.<\/p>\n\n\n\n<p>La \u00f3smosis inversa es una tecnolog\u00eda que tambi\u00e9n se utiliza para el tratamiento de los sulfatos, pero normalmente s\u00f3lo se emplea en aguas con bajas concentraciones de calcio y sulfato (100-700mg\/L) para evitar la formaci\u00f3n de incrustaciones, requiri\u00e9ndose un tratamiento previo fuera de este rango. El alto volumen de salmuera producido tambi\u00e9n puede dar lugar a costos significativos, ya que una primera pasada t\u00edpica logra una recuperaci\u00f3n del 60-70%, mientras que el resto va a la corriente de desechos.<\/p>\n\n\n\n<h2 class=\"has-text-align-center wp-block-heading\">Nuestra Tecnolog\u00eda<\/h2>\n\n\n\n<p>La tecnolog\u00eda <a class=\"rank-math-link\" href=\"https:\/\/www.cleanteqwater.com\/es\/tecnologia\/desalx\/\">DESALX<sup>\u00ae<\/sup><\/a> de Clean TeQ Water es un proceso <a href=\"https:\/\/www.cleanteqwater.com\/es\/tecnologia\/desalx\/\">CIF<sup>\u00ae<\/sup><\/a> (filtraci\u00f3n i\u00f3nica continua) de dos etapas, que proporciona una filtraci\u00f3n f\u00edsica y un intercambio de iones simult\u00e1neos. Esto permite la m\u00e1xima recuperaci\u00f3n de agua con una producci\u00f3n limitada de yeso como producto de desecho, en un sistema robusto donde el pretratamiento no suele ser necesario. Es muy resistente a la formaci\u00f3n de incrustaciones y, en general, es m\u00e1s rentable que el uso de la \u00f3smosis inversa. La tecnolog\u00eda DESALX<sup>\u00ae<\/sup> tambi\u00e9n puede combinarse con un sistema de lodo de alta densidad (HDS), lo que permite reciclar el subproducto de yeso, logrando una <a class=\"rank-math-link\" href=\"https:\/\/www.cleanteqwater.com\/es\/soluciones\/cero-minima-de-descarga-de-liquidos\/\">descarga l\u00edquida cero<\/a> (ZLD).<\/p>\n\n\n\n<div class=\"wp-block-group\"><div class=\"wp-block-group__inner-container is-layout-flow wp-block-group-is-layout-flow\">\n<h2 class=\"has-text-align-center wp-block-heading\">Obtenga M\u00e1s Informaci\u00f3n<\/h2>\n\n\n\n<p class=\"has-text-align-center\"><a href=\"https:\/\/www.cleanteqwater.com\/es\/contactenos\/\">Cont\u00e1ctenos<\/a> para conocer sus necesidades de tratamiento de agua.<\/p>\n<\/div><\/div>\n","protected":false},"excerpt":{"rendered":"<p>Eliminaci\u00f3n de Sulfatos El sulfato est\u00e1 ampliamente distribuido en la naturaleza y puede estar presente en las aguas naturales en una variedad de concentraciones. El sulfato s\u00f3lo se considera t\u00f3xico a niveles muy altos, pero puede afectar al sabor y al color del agua en concentraciones superiores a 600mg\/L. Se sabe que los niveles superiores [&hellip;]<\/p>\n","protected":false},"author":8,"featured_media":1939,"parent":251,"menu_order":0,"comment_status":"closed","ping_status":"closed","template":"template-img64.php","meta":{"inline_featured_image":false,"footnotes":""},"class_list":["post-320","page","type-page","status-publish","has-post-thumbnail","hentry"],"_links":{"self":[{"href":"https:\/\/www.cleanteqwater.com\/es\/wp-json\/wp\/v2\/pages\/320","targetHints":{"allow":["GET"]}}],"collection":[{"href":"https:\/\/www.cleanteqwater.com\/es\/wp-json\/wp\/v2\/pages"}],"about":[{"href":"https:\/\/www.cleanteqwater.com\/es\/wp-json\/wp\/v2\/types\/page"}],"author":[{"embeddable":true,"href":"https:\/\/www.cleanteqwater.com\/es\/wp-json\/wp\/v2\/users\/8"}],"replies":[{"embeddable":true,"href":"https:\/\/www.cleanteqwater.com\/es\/wp-json\/wp\/v2\/comments?post=320"}],"version-history":[{"count":9,"href":"https:\/\/www.cleanteqwater.com\/es\/wp-json\/wp\/v2\/pages\/320\/revisions"}],"predecessor-version":[{"id":2359,"href":"https:\/\/www.cleanteqwater.com\/es\/wp-json\/wp\/v2\/pages\/320\/revisions\/2359"}],"up":[{"embeddable":true,"href":"https:\/\/www.cleanteqwater.com\/es\/wp-json\/wp\/v2\/pages\/251"}],"wp:featuredmedia":[{"embeddable":true,"href":"https:\/\/www.cleanteqwater.com\/es\/wp-json\/wp\/v2\/media\/1939"}],"wp:attachment":[{"href":"https:\/\/www.cleanteqwater.com\/es\/wp-json\/wp\/v2\/media?parent=320"}],"curies":[{"name":"wp","href":"https:\/\/api.w.org\/{rel}","templated":true}]}}