{"id":319,"date":"2020-03-20T04:59:50","date_gmt":"2020-03-20T04:59:50","guid":{"rendered":"https:\/\/staging8.cleanteqwater.com\/?page_id=319"},"modified":"2022-10-19T23:09:19","modified_gmt":"2022-10-19T23:09:19","slug":"desalinizacion","status":"publish","type":"page","link":"https:\/\/www.cleanteqwater.com\/es\/soluciones\/desalinizacion\/","title":{"rendered":"Desalinizaci\u00f3n"},"content":{"rendered":"\n<h1 class=\"has-text-align-center wp-block-heading\">Desalinizaci\u00f3n<\/h1>\n\n\n\n<p>La desalinizaci\u00f3n es un proceso que reduce la concentraci\u00f3n de sales disueltas en el agua. El agua con una alta concentraci\u00f3n de sal puede provenir de diversas fuentes, siendo la m\u00e1s com\u00fanmente considerada como agua de superficie en el oc\u00e9ano. Junto con esto, las fuentes de agua subterr\u00e1nea como el agua de perforaci\u00f3n, el agua de los procesos de miner\u00eda y el agua asociada al gas de las vetas de carb\u00f3n pueden tener un alto contenido en sales.<\/p>\n\n\n\n<p>La cantidad de sal presente en el agua determina para qu\u00e9 puede utilizarse, con una clasificaci\u00f3n general que se da en la tabla siguiente.<\/p>\n\n\n\n<figure class=\"wp-block-table applications\"><table><tbody><tr><td><strong>Estado de salinidad<\/strong><\/td><td><strong>Salinidad (mg de sal\/L)<\/strong><\/td><td><strong>Descripci\u00f3n y uso<\/strong><\/td><\/tr><tr><td>Fresca<\/td><td>&lt; 500<\/td><td>Beber y toda la irrigaci\u00f3n<\/td><\/tr><tr><td>Marginal<\/td><td>500 &#8211; 1,000<\/td><td>Mayor\u00eda de riego, los efectos adversos en los ecosistemas se hacen evidentes<\/td><\/tr><tr><td>Salobre<\/td><td>1,000 &#8211; 2,000<\/td><td>Riego de ciertos cultivos solamente; \u00fatil para la mayor\u00eda del ganado<\/td><\/tr><tr><td>Salina<\/td><td>2,000 &#8211; 10,000<\/td><td>\u00datil para la mayor\u00eda del ganado<br>Altamente salina<\/td><\/tr><tr><td>Altamente salina<\/td><td>10,000 &#8211; 35,000<\/td><td>Aguas subterr\u00e1neas muy salinas, uso limitado para cierto ganado<\/td><\/tr><tr><td>Salmuera<\/td><td>&gt;35,000<\/td><td>Agua de mar; existen algunos usos mineros e industriales<\/td><\/tr><\/tbody><\/table><\/figure>\n\n\n\n<h2 class=\"has-text-align-center wp-block-heading\">Tratamiento del Agua<\/h2>\n\n\n\n<p>Dependiendo de la salinidad del agua de alimentaci\u00f3n y de su uso previsto, ser\u00e1 necesario eliminar una cantidad variable de salinidad. Debido a los grandes requerimientos de energ\u00eda de los m\u00e9todos de tratamiento convencionales, la desalinizaci\u00f3n es un proceso costoso. Se utilizan muchos procesos para reducir la concentraci\u00f3n de sales, centr\u00e1ndose en la evaporaci\u00f3n\/condensaci\u00f3n o en las membranas\/filtraci\u00f3n.<\/p>\n\n\n\n<p>Si bien los m\u00e9todos de evaporaci\u00f3n y condensaci\u00f3n son eficaces para producir agua muy pura, suelen tener altos requisitos de energ\u00eda para convertir el agua en vapor, y tienen menores recuperaciones ya que no todo el vapor generado puede condensarse en agua.<\/p>\n\n\n\n<p><a href=\"https:\/\/www.cleanteqwater.com\/es\/tecnologia\/membranas-y-filtracion\/\">La \u00f3smosis inversa (OI)<\/a> es el m\u00e9todo m\u00e1s utilizado, que emplea membranas semipermeables y presi\u00f3n aplicada para inducir la permeaci\u00f3n de agua a trav\u00e9s de la membrana mientras se rechazan las sales. Si el agua de alimentaci\u00f3n contiene altas concentraciones de iones multivalentes (por ejemplo, iones de sulfato y calcio), la recuperaci\u00f3n del proceso de OI se limita a alrededor del 70% antes de que los iones empiecen a formar una incrustaci\u00f3n en la membrana. Teniendo esto en cuenta, pueden requerirse etapas de OI multivalente para cumplir las especificaciones del agua.<\/p>\n\n\n\n<p>Las membranas est\u00e1n sujetas al ensuciamiento y a la formaci\u00f3n de incrustaciones durante el proceso, y a menudo se requiere un tratamiento previo. En muchos casos se utiliza la microfiltraci\u00f3n antes de la OI para evitar que part\u00edculas como sedimentos, algas o grandes bacterias contaminen las membranas de OI.<\/p>\n\n\n\n<h2 class=\"has-text-align-center wp-block-heading\">Nuestra Tecnolog\u00eda<\/h2>\n\n\n\n<p>La tecnolog\u00eda <a href=\"https:\/\/www.cleanteqwater.com\/es\/tecnologia\/desalx\/\">DESALX<sup>\u00ae<\/sup><\/a> (2-Etapas <a href=\"https:\/\/www.cleanteqwater.com\/es\/tecnologia\/cif\/\">CIF<sup>\u00ae<\/sup><\/a>) de Clean TeQ Water elimina tanto los aniones como los cationes del agua en un proceso complementario, lo que da lugar a un agua desalinizada con una recuperaci\u00f3n t\u00edpica superior al 90% y un flujo de residuos m\u00e1s peque\u00f1o. El proceso tambi\u00e9n es resistente a las incrustaciones y normalmente funciona con menores requerimientos de energ\u00eda que la \u00f3smosis inversa.<\/p>\n\n\n\n<p>Nuestra tecnolog\u00eda <a href=\"https:\/\/www.cleanteqwater.com\/es\/tecnologia\/hirox\/\">HIROX<sup>\u00ae<\/sup><\/a> (\u00f3smosis inversa de alta recuperaci\u00f3n) utiliza CIF<sup>\u00ae<\/sup> como pretratamiento para la OI, eliminando los iones que limitan la tasa de recuperaci\u00f3n de los sistemas de OI. Utilizando HIROX<sup>\u00ae<\/sup>, se suele conseguir una recuperaci\u00f3n del 95-99%, con la ventaja a\u00f1adida de utilizar salmuera reciclada de la OI para regenerar las resinas CIF<sup>\u00ae<\/sup>, reduciendo as\u00ed los costos qu\u00edmicos. El sistema tambi\u00e9n es resistente a las incrustaciones y requiere menos etapas de OI, funcionando con un menor requerimiento de energ\u00eda que la OI exclusivamente.<\/p>\n\n\n\n<div class=\"wp-block-group\"><div class=\"wp-block-group__inner-container is-layout-flow wp-block-group-is-layout-flow\">\n<h2 class=\"has-text-align-center wp-block-heading\">Obtenga M\u00e1s Informaci\u00f3n<\/h2>\n\n\n\n<p class=\"has-text-align-center\"><a href=\"https:\/\/www.cleanteqwater.com\/es\/contactenos\/\">Cont\u00e1ctenos<\/a> para conocer sus necesidades de tratamiento de agua.<\/p>\n<\/div><\/div>\n\n\n\n<p><\/p>\n","protected":false},"excerpt":{"rendered":"<p>Desalinizaci\u00f3n La desalinizaci\u00f3n es un proceso que reduce la concentraci\u00f3n de sales disueltas en el agua. El agua con una alta concentraci\u00f3n de sal puede provenir de diversas fuentes, siendo la m\u00e1s com\u00fanmente considerada como agua de superficie en el oc\u00e9ano. Junto con esto, las fuentes de agua subterr\u00e1nea como el agua de perforaci\u00f3n, el [&hellip;]<\/p>\n","protected":false},"author":8,"featured_media":1939,"parent":251,"menu_order":0,"comment_status":"closed","ping_status":"closed","template":"template-img64.php","meta":{"inline_featured_image":false,"footnotes":""},"class_list":["post-319","page","type-page","status-publish","has-post-thumbnail","hentry"],"_links":{"self":[{"href":"https:\/\/www.cleanteqwater.com\/es\/wp-json\/wp\/v2\/pages\/319","targetHints":{"allow":["GET"]}}],"collection":[{"href":"https:\/\/www.cleanteqwater.com\/es\/wp-json\/wp\/v2\/pages"}],"about":[{"href":"https:\/\/www.cleanteqwater.com\/es\/wp-json\/wp\/v2\/types\/page"}],"author":[{"embeddable":true,"href":"https:\/\/www.cleanteqwater.com\/es\/wp-json\/wp\/v2\/users\/8"}],"replies":[{"embeddable":true,"href":"https:\/\/www.cleanteqwater.com\/es\/wp-json\/wp\/v2\/comments?post=319"}],"version-history":[{"count":13,"href":"https:\/\/www.cleanteqwater.com\/es\/wp-json\/wp\/v2\/pages\/319\/revisions"}],"predecessor-version":[{"id":2691,"href":"https:\/\/www.cleanteqwater.com\/es\/wp-json\/wp\/v2\/pages\/319\/revisions\/2691"}],"up":[{"embeddable":true,"href":"https:\/\/www.cleanteqwater.com\/es\/wp-json\/wp\/v2\/pages\/251"}],"wp:featuredmedia":[{"embeddable":true,"href":"https:\/\/www.cleanteqwater.com\/es\/wp-json\/wp\/v2\/media\/1939"}],"wp:attachment":[{"href":"https:\/\/www.cleanteqwater.com\/es\/wp-json\/wp\/v2\/media?parent=319"}],"curies":[{"name":"wp","href":"https:\/\/api.w.org\/{rel}","templated":true}]}}