{"id":317,"date":"2020-03-20T04:59:09","date_gmt":"2020-03-20T04:59:09","guid":{"rendered":"https:\/\/staging8.cleanteqwater.com\/?page_id=317"},"modified":"2020-07-06T05:24:50","modified_gmt":"2020-07-06T05:24:50","slug":"eliminacion-de-nutrientes","status":"publish","type":"page","link":"https:\/\/www.cleanteqwater.com\/es\/soluciones\/eliminacion-de-nutrientes\/","title":{"rendered":"Eliminaci\u00f3n de Nutrientes"},"content":{"rendered":"\n<h1 class=\"has-text-align-center wp-block-heading\">Eliminaci\u00f3n de Nutrientes<\/h1>\n\n\n\n<p>El nitrato, el f\u00f3sforo y el amon\u00edaco son nutrientes que pueden estar presentes en el agua. Los altos niveles de nutrientes pueden estimular el crecimiento de las algas, causando la eutrofizaci\u00f3n de las aguas superficiales, lo que constituye un importante problema ambiental. En este proceso, las floraciones de algas provocan una reducci\u00f3n del contenido de ox\u00edgeno del agua que puede perjudicar a las especies acu\u00e1ticas y ser t\u00f3xica. El exceso de nitrato en el agua potable puede disminuir la capacidad de la sangre para transportar ox\u00edgeno y puede ser fatal para los ni\u00f1os, junto con una serie de efectos secundarios por la exposici\u00f3n directa a las algas t\u00f3xicas. Los desinfectantes utilizados para tratar el agua potable tambi\u00e9n pueden formar dioxinas cuando entran en contacto con algas t\u00f3xicas, lo que puede causar graves problemas de salud cuando se ingieren.<\/p>\n\n\n\n<p>Los nutrientes pueden llegar al agua de varias maneras. La descarga de fertilizantes de la <a href=\"https:\/\/www.cleanteqwater.com\/es\/mercados\/agricultura\/\">industria agr\u00edcola<\/a> es una fuente importante, con altos contenidos de nitr\u00f3geno y f\u00f3sforo que llegan a los lagos y r\u00edos durante las fuertes lluvias. Las operaciones de alimentaci\u00f3n animal concentradas y la quema de combustibles f\u00f3siles pueden producir grandes cantidades de nutrientes, junto con las plantas de <a href=\"https:\/\/www.cleanteqwater.com\/es\/mercados\/reutilizacion-de-aguas-residuales-municipales\/\">tratamiento de aguas residuales municipales<\/a>, <a href=\"https:\/\/www.cleanteqwater.com\/es\/mercados\/plantas-de-energia\/\">las centrales el\u00e9ctricas<\/a>, &nbsp;y las descargas de aguas residuales de <a class=\"rank-math-link\" href=\"https:\/\/www.cleanteqwater.com\/es\/mercados\/carbon-quimicos-finos-y-petroquimicos\/\">otras industrias<\/a>.<\/p>\n\n\n\n<p>En la mayor\u00eda de los lugares del mundo existen l\u00edmites estrictos de nutrientes para el agua que se utiliza para beber o para el riego. Los niveles de descarga de nutrientes suelen aplicarse a las plantas de tratamiento de aguas residuales, las operaciones agr\u00edcolas, las operaciones mineras y los procesos industriales.<\/p>\n\n\n\n<h2 class=\"has-text-align-center wp-block-heading\">Tratamiento del Agua<\/h2>\n\n\n\n<p>Los biorreactores de membrana (MBR) se utilizan com\u00fanmente para eliminar los nutrientes del agua. Este proceso consiste en una combinaci\u00f3n de un proceso de membrana (como la microfiltraci\u00f3n o la ultrafiltraci\u00f3n) con un proceso de tratamiento biol\u00f3gico de aguas residuales, como el lodo activado. La porci\u00f3n de membrana elimina parte del componente l\u00edquido, reduciendo el volumen de agua que requiere tratamiento por el lodo activado. Un gran inconveniente de la utilizaci\u00f3n de membranas es el incrustamiento que se produce, lo que disminuye la eficiencia del proceso. El lodo activado contiene microorganismos que descomponen el contenido biol\u00f3gico, acelerando los procesos que ocurren naturalmente en el agua.<\/p>\n\n\n\n<h2 class=\"has-text-align-center wp-block-heading\">Nuestras Tecnolog\u00edas<\/h2>\n\n\n\n<p>La tecnolog\u00eda <a href=\"https:\/\/www.cleanteqwater.com\/es\/tecnologia\/cif\/\">CIF<sup>\u00ae<\/sup><\/a>&nbsp;(filtraci\u00f3n i\u00f3nica continua) de Clean TeQ Water puede tratar directamente el agua y eliminar el nitr\u00f3geno y el fosfato para cumplir con las normas de descarga m\u00e1s estrictas (por ejemplo, nitr\u00f3geno total (TN) &lt;5 ppm).<\/p>\n\n\n\n<p>Nuestro <a class=\"rank-math-link\" href=\"https:\/\/www.cleanteqwater.com\/es\/tecnologia\/bioclens\/\">BIOCLENS\u2122<\/a>&nbsp;(lentes de bacteria encapsuladas) permite que los nutrientes que contiene el agua se difundan en el lente, que act\u00faa como un biocatalizador para el proceso de descomposici\u00f3n de los nutrientes. Las lentes protegen a las bacterias, permiti\u00e9ndoles ser usadas en ambientes t\u00f3xicos. Los lentes pueden realizar ambos procesos de nitrificaci\u00f3n y desnitrificaci\u00f3n en pasos separados.<\/p>\n\n\n\n<p>Nuestro sistema <a class=\"rank-math-link\" href=\"https:\/\/www.cleanteqwater.com\/es\/tecnologia\/bionex\/\">BIONEX\u2122<\/a>&nbsp;(Bio + Intercambio de Iones) utiliza el intercambio de iones para eliminar los nutrientes del agua, que luego son tratados por nuestra tecnolog\u00eda BIOCLENS\u2122 para tratar los nutrientes. Esto permite que la salmuera del proceso de intercambio de iones sea reutilizada.<\/p>\n\n\n\n<p>Todas estas tecnolog\u00edas proporcionan una excelente resistencia al sarro y a la incrustaci\u00f3n, en un proceso robusto que normalmente no requiere pretratamiento. Las altas recuperaciones y el bajo nivel de desechos son tambi\u00e9n ventajas clave para nuestras tecnolog\u00edas, y se dispone de soluciones personalizadas para satisfacer sus necesidades de eliminaci\u00f3n de nutrientes.<\/p>\n\n\n\n<div class=\"wp-block-group\"><div class=\"wp-block-group__inner-container is-layout-flow wp-block-group-is-layout-flow\">\n<h2 class=\"has-text-align-center wp-block-heading\">Obtenga M\u00e1s Informaci\u00f3n<\/h2>\n\n\n\n<p class=\"has-text-align-center\"><a href=\"https:\/\/www.cleanteqwater.com\/es\/contactenos\/\">Cont\u00e1ctenos<\/a> para conocer sus necesidades de tratamiento de agua.<\/p>\n<\/div><\/div>\n","protected":false},"excerpt":{"rendered":"<p>Eliminaci\u00f3n de Nutrientes El nitrato, el f\u00f3sforo y el amon\u00edaco son nutrientes que pueden estar presentes en el agua. Los altos niveles de nutrientes pueden estimular el crecimiento de las algas, causando la eutrofizaci\u00f3n de las aguas superficiales, lo que constituye un importante problema ambiental. En este proceso, las floraciones de algas provocan una reducci\u00f3n [&hellip;]<\/p>\n","protected":false},"author":8,"featured_media":1939,"parent":251,"menu_order":0,"comment_status":"closed","ping_status":"closed","template":"template-img64.php","meta":{"inline_featured_image":false,"footnotes":""},"class_list":["post-317","page","type-page","status-publish","has-post-thumbnail","hentry"],"_links":{"self":[{"href":"https:\/\/www.cleanteqwater.com\/es\/wp-json\/wp\/v2\/pages\/317","targetHints":{"allow":["GET"]}}],"collection":[{"href":"https:\/\/www.cleanteqwater.com\/es\/wp-json\/wp\/v2\/pages"}],"about":[{"href":"https:\/\/www.cleanteqwater.com\/es\/wp-json\/wp\/v2\/types\/page"}],"author":[{"embeddable":true,"href":"https:\/\/www.cleanteqwater.com\/es\/wp-json\/wp\/v2\/users\/8"}],"replies":[{"embeddable":true,"href":"https:\/\/www.cleanteqwater.com\/es\/wp-json\/wp\/v2\/comments?post=317"}],"version-history":[{"count":12,"href":"https:\/\/www.cleanteqwater.com\/es\/wp-json\/wp\/v2\/pages\/317\/revisions"}],"predecessor-version":[{"id":2358,"href":"https:\/\/www.cleanteqwater.com\/es\/wp-json\/wp\/v2\/pages\/317\/revisions\/2358"}],"up":[{"embeddable":true,"href":"https:\/\/www.cleanteqwater.com\/es\/wp-json\/wp\/v2\/pages\/251"}],"wp:featuredmedia":[{"embeddable":true,"href":"https:\/\/www.cleanteqwater.com\/es\/wp-json\/wp\/v2\/media\/1939"}],"wp:attachment":[{"href":"https:\/\/www.cleanteqwater.com\/es\/wp-json\/wp\/v2\/media?parent=317"}],"curies":[{"name":"wp","href":"https:\/\/api.w.org\/{rel}","templated":true}]}}