{"id":312,"date":"2020-03-20T04:57:13","date_gmt":"2020-03-20T04:57:13","guid":{"rendered":"https:\/\/staging8.cleanteqwater.com\/?page_id=312"},"modified":"2020-07-06T05:20:37","modified_gmt":"2020-07-06T05:20:37","slug":"eliminacion-del-selenio","status":"publish","type":"page","link":"https:\/\/www.cleanteqwater.com\/es\/soluciones\/eliminacion-de-impurezas\/eliminacion-del-selenio\/","title":{"rendered":"Eliminaci\u00f3n del Selenio"},"content":{"rendered":"\n<h1 class=\"has-text-align-center wp-block-heading\">Eliminaci\u00f3n del Selenio<\/h1>\n\n\n\n<p>El selenio es un metaloide presente en la corteza terrestre, a menudo en mayores concentraciones con minerales que contienen azufre. La erosi\u00f3n de estos minerales puede conducir a una alta concentraci\u00f3n de selenio en las aguas subterr\u00e1neas. Las industrias mineras y de producci\u00f3n de energ\u00eda pueden producir aguas residuales con alto contenido de selenio, junto con la industria agr\u00edcola mediante la irrigaci\u00f3n de suelos ricos en selenio. El selenio puede presentarse en diferentes formas qu\u00edmicas en el agua, t\u00edpicamente selenato, selenito y organoselenio. Cada una de ellas tiene diferentes toxicidades y requerimientos de tratamiento.<\/p>\n\n\n\n<p>El selenio tambi\u00e9n est\u00e1 presente en muchos alimentos, que es la principal fuente de ingesta de selenio para la mayor\u00eda de las personas. El contenido de selenio de los alimentos depende principalmente del contenido de selenio del suelo para las plantas, y del contenido de selenio de los alimentos para el ganado. El selenio es un elemento esencial para la salud humana, pero los altos niveles est\u00e1n asociados con numerosas enfermedades. La Organizaci\u00f3n Mundial de la Salud utiliza 40 ppb como referencia para la concentraci\u00f3n m\u00e1xima de selenio en el agua potable, pero se\u00f1ala que la mayor parte de la ingesta de selenio procede de fuentes alimentarias, y como tal, en muchos de los casos no es necesario aplicar un l\u00edmite al agua potable.<\/p>\n\n\n\n<p>La alta concentraci\u00f3n de selenio en el agua tambi\u00e9n es t\u00f3xica para el medio ambiente acu\u00e1tico. El selenio afecta a los organismos acu\u00e1ticos, lo que afecta a la red alimentaria del medio ambiente acu\u00e1tico, provocando una bioacumulaci\u00f3n y toxicidad en especies m\u00e1s grandes como peces, anfibios e invertebrados. Para hacer frente a esto, algunos pa\u00edses han establecido un l\u00edmite de descarga de 5 ppb de selenio en las aguas superficiales.<\/p>\n\n\n\n<h2 class=\"has-text-align-center wp-block-heading\">Tratamiento del Agua<\/h2>\n\n\n\n<p>La reducci\u00f3n de la concentraci\u00f3n de selenio en el agua puede ser dif\u00edcil, ya que los m\u00e9todos com\u00fanmente utilizados, como el suavizado de cal, no pueden eliminar el selenato de una soluci\u00f3n. La precipitaci\u00f3n es un m\u00e9todo de tratamiento com\u00fanmente utilizado, pero requiere una gran aportaci\u00f3n qu\u00edmica y produce un lodo inestable como producto de desecho. Para alcanzar un nivel de 5ppb, se suele requerir una combinaci\u00f3n de precipitaci\u00f3n qu\u00edmica y un sistema biol\u00f3gico.<\/p>\n\n\n\n<h2 class=\"has-text-align-center wp-block-heading\">Our Technology<\/h2>\n\n\n\n<p>Nuestra tecnolog\u00eda <a href=\"https:\/\/www.cleanteqwater.com\/es\/tecnologia\/desalx\/\">DESALX<sup>\u00ae<\/sup><\/a> es un proceso <a href=\"https:\/\/www.cleanteqwater.com\/es\/tecnologia\/desalx\/\">CIF<sup>\u00ae<\/sup><\/a> de dos etapas de alta recuperaci\u00f3n que puede eliminar el selenio, el sulfato y la calcita, as\u00ed como reducir el TDS general del agua. Los subproductos de bajo volumen del proceso DeSALX<sup>\u00ae<\/sup> se convierten en una mezcla manejable de sales de sulfato, calcio, magnesio y selenio para producir un proceso de descarga de l\u00edquido m\u00ednimo o cero.<\/p>\n\n\n\n<p>Clean TeQ Water ha desarrollado previamente esquemas de flujo y sistemas experimentales para los clientes basados en sus especificaciones de agua de alimentaci\u00f3n y productos que cumplen con los l\u00edmites de descarga de selenio tan bajos como 5 ppb.<\/p>\n\n\n\n<div class=\"wp-block-group\"><div class=\"wp-block-group__inner-container is-layout-flow wp-block-group-is-layout-flow\">\n<h2 class=\"has-text-align-center wp-block-heading\">Obtenga M\u00e1s Informaci\u00f3n<\/h2>\n\n\n\n<p class=\"has-text-align-center\"><a href=\"https:\/\/www.cleanteqwater.com\/es\/contactenos\/\">Cont\u00e1ctenos<\/a> para conocer sus necesidades de tratamiento de agua.<\/p>\n<\/div><\/div>\n","protected":false},"excerpt":{"rendered":"<p>Eliminaci\u00f3n del Selenio El selenio es un metaloide presente en la corteza terrestre, a menudo en mayores concentraciones con minerales que contienen azufre. La erosi\u00f3n de estos minerales puede conducir a una alta concentraci\u00f3n de selenio en las aguas subterr\u00e1neas. Las industrias mineras y de producci\u00f3n de energ\u00eda pueden producir aguas residuales con alto contenido [&hellip;]<\/p>\n","protected":false},"author":8,"featured_media":1939,"parent":282,"menu_order":0,"comment_status":"closed","ping_status":"closed","template":"template-img64.php","meta":{"inline_featured_image":false,"footnotes":""},"class_list":["post-312","page","type-page","status-publish","has-post-thumbnail","hentry"],"_links":{"self":[{"href":"https:\/\/www.cleanteqwater.com\/es\/wp-json\/wp\/v2\/pages\/312","targetHints":{"allow":["GET"]}}],"collection":[{"href":"https:\/\/www.cleanteqwater.com\/es\/wp-json\/wp\/v2\/pages"}],"about":[{"href":"https:\/\/www.cleanteqwater.com\/es\/wp-json\/wp\/v2\/types\/page"}],"author":[{"embeddable":true,"href":"https:\/\/www.cleanteqwater.com\/es\/wp-json\/wp\/v2\/users\/8"}],"replies":[{"embeddable":true,"href":"https:\/\/www.cleanteqwater.com\/es\/wp-json\/wp\/v2\/comments?post=312"}],"version-history":[{"count":13,"href":"https:\/\/www.cleanteqwater.com\/es\/wp-json\/wp\/v2\/pages\/312\/revisions"}],"predecessor-version":[{"id":2356,"href":"https:\/\/www.cleanteqwater.com\/es\/wp-json\/wp\/v2\/pages\/312\/revisions\/2356"}],"up":[{"embeddable":true,"href":"https:\/\/www.cleanteqwater.com\/es\/wp-json\/wp\/v2\/pages\/282"}],"wp:featuredmedia":[{"embeddable":true,"href":"https:\/\/www.cleanteqwater.com\/es\/wp-json\/wp\/v2\/media\/1939"}],"wp:attachment":[{"href":"https:\/\/www.cleanteqwater.com\/es\/wp-json\/wp\/v2\/media?parent=312"}],"curies":[{"name":"wp","href":"https:\/\/api.w.org\/{rel}","templated":true}]}}