{"id":311,"date":"2020-03-20T04:56:52","date_gmt":"2020-03-20T04:56:52","guid":{"rendered":"https:\/\/staging8.cleanteqwater.com\/?page_id=311"},"modified":"2020-07-06T05:12:53","modified_gmt":"2020-07-06T05:12:53","slug":"eliminacion-de-arsenico-antimonio","status":"publish","type":"page","link":"https:\/\/www.cleanteqwater.com\/es\/soluciones\/eliminacion-de-impurezas\/eliminacion-de-arsenico-antimonio\/","title":{"rendered":"Eliminaci\u00f3n de Ars\u00e9nico\/Antimonio"},"content":{"rendered":"\n<h1 class=\"has-text-align-center wp-block-heading\">Eliminaci\u00f3n de Ars\u00e9nico\/Antimonio<\/h1>\n\n\n\n<p>El ars\u00e9nico (As) y el antimonio (Sb) aparecen ambos en el grupo 15 de la tabla peri\u00f3dica, y el antimonio aparece directamente debajo del antimonio. Tienen comportamientos qu\u00edmicos complejos, y ambos se utilizan como agentes de aleaci\u00f3n. La emisi\u00f3n m\u00e1s com\u00fan de antimonio al medio ambiente humano es el resultado de la combusti\u00f3n de carb\u00f3n o de la fundici\u00f3n de antimonio, con concentraciones t\u00edpicamente bajas en el agua, excepto en las \u00e1reas afectadas por el drenaje \u00e1cido de las minas (AMD), las presas de residuos mineros, o por la disoluci\u00f3n de las tuber\u00edas o accesorios met\u00e1licos. Las concentraciones de ars\u00e9nico en el agua pueden ser naturalmente altas en las zonas que contienen roca volc\u00e1nica o minerales de sulfuro, y tambi\u00e9n pueden introducirse en el medio ambiente a trav\u00e9s de los efluentes industriales y los desechos de la miner\u00eda.<\/p>\n\n\n\n<p>El ars\u00e9nico es perjudicial para la salud humana, y su principal ingesti\u00f3n a largo plazo se asocia con el c\u00e1ncer, las lesiones cut\u00e1neas, los efectos en el desarrollo, las enfermedades cardiovasculares, la neurotoxicidad y la diabetes. Las directrices de la Organizaci\u00f3n Mundial de la Salud para el agua potable son 20 ppb para el antimonio y 10 ppb para el ars\u00e9nico.<\/p>\n\n\n\n<h2 class=\"has-text-align-center wp-block-heading\">Tratamiento del Agua<\/h2>\n\n\n\n<p>Los m\u00e9todos que se utilizan com\u00fanmente para eliminar el ars\u00e9nico y el antimonio del agua son m\u00e9todos de membrana como la \u00f3smosis inversa (OI), el intercambio de iones, la coagulaci\u00f3n-floculaci\u00f3n o la precipitaci\u00f3n. Todos estos m\u00e9todos tienen diferentes eficiencias e idoneidad dependiendo de la concentraci\u00f3n en el agua de alimentaci\u00f3n. Los cambios de pH y los cambios del estado de oxidaci\u00f3n del ars\u00e9nico pueden ser necesarios para mejorar la eficiencia de la eliminaci\u00f3n. Los inconvenientes de estos m\u00e9todos incluyen un alto consumo de productos qu\u00edmicos, problemas con la eliminaci\u00f3n de residuos y un uso potencialmente alto de energ\u00eda.<\/p>\n\n\n\n<h2 class=\"has-text-align-center wp-block-heading\">Nuestras Tecnolog\u00edas<\/h2>\n\n\n\n<p>Nuestra tecnolog\u00eda <a href=\"https:\/\/www.cleanteqwater.com\/es\/tecnologia\/cif\/\">CIF<sup>\u00ae<\/sup><\/a> (filtraci\u00f3n i\u00f3nica continua) puede utilizarse para reducir o eliminar el ars\u00e9nico y el antimonio, con nuestras resinas impregnadas de hierro capaces de atacar a estas sustancias. El proceso es una combinaci\u00f3n robusta de filtraci\u00f3n f\u00edsica e intercambio i\u00f3nico que logra altas recuperaciones con una tolerancia a las caudales y concentraciones de alimentaci\u00f3n variables.<\/p>\n\n\n\n<p>Si las concentraciones son demasiado altas para nuestro proceso de intercambio de iones, tambi\u00e9n podemos proporcionar m\u00e9todos convencionales de precipitaci\u00f3n o de carbono activado granular (CAG) como parte de nuestro esquema de flujo para lograr las especificaciones del agua del producto.<\/p>\n\n\n\n<div class=\"wp-block-group\"><div class=\"wp-block-group__inner-container is-layout-flow wp-block-group-is-layout-flow\">\n<h2 class=\"has-text-align-center wp-block-heading\">Obtenga M\u00e1s Informaci\u00f3n<\/h2>\n\n\n\n<p class=\"has-text-align-center\"><a href=\"https:\/\/www.cleanteqwater.com\/es\/contactenos\/\">Cont\u00e1ctenos<\/a> para conocer sus necesidades de tratamiento de agua.<\/p>\n<\/div><\/div>\n","protected":false},"excerpt":{"rendered":"<p>Eliminaci\u00f3n de Ars\u00e9nico\/Antimonio El ars\u00e9nico (As) y el antimonio (Sb) aparecen ambos en el grupo 15 de la tabla peri\u00f3dica, y el antimonio aparece directamente debajo del antimonio. Tienen comportamientos qu\u00edmicos complejos, y ambos se utilizan como agentes de aleaci\u00f3n. La emisi\u00f3n m\u00e1s com\u00fan de antimonio al medio ambiente humano es el resultado de la [&hellip;]<\/p>\n","protected":false},"author":8,"featured_media":1939,"parent":282,"menu_order":0,"comment_status":"closed","ping_status":"closed","template":"template-img64.php","meta":{"inline_featured_image":false,"footnotes":""},"class_list":["post-311","page","type-page","status-publish","has-post-thumbnail","hentry"],"_links":{"self":[{"href":"https:\/\/www.cleanteqwater.com\/es\/wp-json\/wp\/v2\/pages\/311","targetHints":{"allow":["GET"]}}],"collection":[{"href":"https:\/\/www.cleanteqwater.com\/es\/wp-json\/wp\/v2\/pages"}],"about":[{"href":"https:\/\/www.cleanteqwater.com\/es\/wp-json\/wp\/v2\/types\/page"}],"author":[{"embeddable":true,"href":"https:\/\/www.cleanteqwater.com\/es\/wp-json\/wp\/v2\/users\/8"}],"replies":[{"embeddable":true,"href":"https:\/\/www.cleanteqwater.com\/es\/wp-json\/wp\/v2\/comments?post=311"}],"version-history":[{"count":14,"href":"https:\/\/www.cleanteqwater.com\/es\/wp-json\/wp\/v2\/pages\/311\/revisions"}],"predecessor-version":[{"id":2172,"href":"https:\/\/www.cleanteqwater.com\/es\/wp-json\/wp\/v2\/pages\/311\/revisions\/2172"}],"up":[{"embeddable":true,"href":"https:\/\/www.cleanteqwater.com\/es\/wp-json\/wp\/v2\/pages\/282"}],"wp:featuredmedia":[{"embeddable":true,"href":"https:\/\/www.cleanteqwater.com\/es\/wp-json\/wp\/v2\/media\/1939"}],"wp:attachment":[{"href":"https:\/\/www.cleanteqwater.com\/es\/wp-json\/wp\/v2\/media?parent=311"}],"curies":[{"name":"wp","href":"https:\/\/api.w.org\/{rel}","templated":true}]}}