{"id":310,"date":"2020-03-20T04:56:37","date_gmt":"2020-03-20T04:56:37","guid":{"rendered":"https:\/\/staging8.cleanteqwater.com\/?page_id=310"},"modified":"2020-07-06T05:19:55","modified_gmt":"2020-07-06T05:19:55","slug":"eliminacion-de-uranio","status":"publish","type":"page","link":"https:\/\/www.cleanteqwater.com\/es\/soluciones\/eliminacion-de-impurezas\/eliminacion-de-uranio\/","title":{"rendered":"Eliminaci\u00f3n de Uranio"},"content":{"rendered":"\n<h1 class=\"has-text-align-center wp-block-heading\">Eliminaci\u00f3n de Uranio<\/h1>\n\n\n\n<p>El uranio es un elemento radiactivo com\u00fan que se encuentra en forma natural en las rocas, el suelo, el aire y el agua. Entra en las aguas superficiales o en el agua del lodo por lixiviaci\u00f3n desde el suelo y las rocas, o desde fuentes industriales como las presas de residuos en la industria minera o el uso de fertilizantes fosfatados que contienen uranio en la industria agr\u00edcola. El uranio puede tener un efecto grave en la salud humana, siendo t\u00f3xico para los ri\u00f1ones y causando eventualmente un mayor riesgo de c\u00e1ncer durante un largo per\u00edodo de tiempo. Por esta raz\u00f3n, la normativa de la Organizaci\u00f3n Mundial de la Salud para el agua potable es una concentraci\u00f3n m\u00e1xima de uranio de 0,030 mg\/L. Una vez que el uranio ha sido eliminado, los residuos pueden ser dif\u00edciles de tratar, requiriendo a menudo permisos de manipulaci\u00f3n de materiales radiactivos y exigiendo una eliminaci\u00f3n cuidadosa.<\/p>\n\n\n\n<p>En la industria minera, el uranio puede estar presente junto al producto deseado, como los metales b\u00e1sicos o los metales de tierras raras, en corrientes concentradas. Esto puede ser un problema, ya que la exportaci\u00f3n o la venta de sustancias que contienen uranio puede ser tasada y aumentar el costo en algunos pa\u00edses. Las operaciones de miner\u00eda de uranio tienen por objeto recuperar el uranio de un l\u00edquido o una mezcla, y para ello se pueden utilizar procesos de <a href=\"https:\/\/www.cleanteqwater.com\/es\/soluciones\/recuperacion-de-metales\/\">recuperaci\u00f3n de metales<\/a>.<\/p>\n\n\n\n<h2 class=\"has-text-align-center wp-block-heading\">Tratamiento del Agua<\/h2>\n\n\n\n<p>Las tecnolog\u00edas convencionales para reducir o eliminar el uranio del agua son sistemas de membranas, como la \u00f3smosis inversa (OI), el intercambio de iones, el suavizado con cal, el tratamiento con al\u00famina activada y la coagulaci\u00f3n\/filtraci\u00f3n. La eficiencia de la eliminaci\u00f3n var\u00eda entre el 80 y el 99%, dependiendo del proceso utilizado y de la concentraci\u00f3n de uranio en el agua de alimentaci\u00f3n.<\/p>\n\n\n\n<h2 class=\"has-text-align-center wp-block-heading\">Nuestra Tecnolog\u00eda<\/h2>\n\n\n\n<p>Nuestra tecnolog\u00eda <a href=\"https:\/\/www.cleanteqwater.com\/es\/technology\/cif\/\">CIF<sup>\u00ae<\/sup><\/a> (filtraci\u00f3n i\u00f3nica continua) puede utilizarse para reducir o eliminar el uranio, utilizando una resina de intercambio de aniones de base s\u00f3lida para atacar los iones de uranio. El proceso utiliza la filtraci\u00f3n f\u00edsica junto con el intercambio de iones, que tiene el beneficio a\u00f1adido de eliminar otras impurezas en el agua de alimentaci\u00f3n, y proporciona una mayor eficiencia de eliminaci\u00f3n que los sistemas convencionales de intercambio de iones por lotes. Se trata de un sistema robusto que normalmente no requiere pretratamiento, y tiene un gasto de capital y operativo reducido gracias al uso eficaz de los productos qu\u00edmicos.<\/p>\n\n\n\n<p>Para aplicaciones de miner\u00eda, nuestras tecnolog\u00edas <a href=\"https:\/\/www.cleanteqwater.com\/es\/technology\/clean-ix\/\">CLEAN-IX<sup>\u00ae<\/sup><\/a> pueden eliminar el uranio no deseado o concentrar el uranio en conjunto o independientemente de un ciclo de extracci\u00f3n por disolvente. Usando nuestra tecnolog\u00eda, la concentraci\u00f3n del eluyente ser\u00e1 mayor que la de otras tecnolog\u00edas.  <\/p>\n\n\n\n<div class=\"wp-block-group\"><div class=\"wp-block-group__inner-container is-layout-flow wp-block-group-is-layout-flow\">\n<h2 class=\"has-text-align-center wp-block-heading\">Obtenga M\u00e1s Informaci\u00f3n<\/h2>\n\n\n\n<p class=\"has-text-align-center\"><a href=\"https:\/\/www.cleanteqwater.com\/es\/contactenos\/\">Cont\u00e1ctenos<\/a> para conocer sus necesidades de tratamiento de agua.<\/p>\n<\/div><\/div>\n","protected":false},"excerpt":{"rendered":"<p>Eliminaci\u00f3n de Uranio El uranio es un elemento radiactivo com\u00fan que se encuentra en forma natural en las rocas, el suelo, el aire y el agua. Entra en las aguas superficiales o en el agua del lodo por lixiviaci\u00f3n desde el suelo y las rocas, o desde fuentes industriales como las presas de residuos en [&hellip;]<\/p>\n","protected":false},"author":8,"featured_media":1939,"parent":282,"menu_order":0,"comment_status":"closed","ping_status":"closed","template":"template-img64.php","meta":{"inline_featured_image":false,"footnotes":""},"class_list":["post-310","page","type-page","status-publish","has-post-thumbnail","hentry"],"_links":{"self":[{"href":"https:\/\/www.cleanteqwater.com\/es\/wp-json\/wp\/v2\/pages\/310","targetHints":{"allow":["GET"]}}],"collection":[{"href":"https:\/\/www.cleanteqwater.com\/es\/wp-json\/wp\/v2\/pages"}],"about":[{"href":"https:\/\/www.cleanteqwater.com\/es\/wp-json\/wp\/v2\/types\/page"}],"author":[{"embeddable":true,"href":"https:\/\/www.cleanteqwater.com\/es\/wp-json\/wp\/v2\/users\/8"}],"replies":[{"embeddable":true,"href":"https:\/\/www.cleanteqwater.com\/es\/wp-json\/wp\/v2\/comments?post=310"}],"version-history":[{"count":15,"href":"https:\/\/www.cleanteqwater.com\/es\/wp-json\/wp\/v2\/pages\/310\/revisions"}],"predecessor-version":[{"id":2346,"href":"https:\/\/www.cleanteqwater.com\/es\/wp-json\/wp\/v2\/pages\/310\/revisions\/2346"}],"up":[{"embeddable":true,"href":"https:\/\/www.cleanteqwater.com\/es\/wp-json\/wp\/v2\/pages\/282"}],"wp:featuredmedia":[{"embeddable":true,"href":"https:\/\/www.cleanteqwater.com\/es\/wp-json\/wp\/v2\/media\/1939"}],"wp:attachment":[{"href":"https:\/\/www.cleanteqwater.com\/es\/wp-json\/wp\/v2\/media?parent=310"}],"curies":[{"name":"wp","href":"https:\/\/api.w.org\/{rel}","templated":true}]}}