{"id":301,"date":"2020-03-20T04:55:41","date_gmt":"2020-03-20T04:55:41","guid":{"rendered":"https:\/\/staging8.cleanteqwater.com\/?page_id=301"},"modified":"2020-07-06T04:49:42","modified_gmt":"2020-07-06T04:49:42","slug":"consulta-tecnica","status":"publish","type":"page","link":"https:\/\/www.cleanteqwater.com\/es\/contactenos\/consulta-tecnica\/","title":{"rendered":"Consulta T\u00e9cnica"},"content":{"rendered":"\n<h2 class=\"has-text-align-center wp-block-heading\">Consulta T\u00e9cnica<\/h2>\n\n\n\n\n<div class=\"wpcf7 no-js\" id=\"wpcf7-f401-o1\" lang=\"en\" dir=\"ltr\" data-wpcf7-id=\"401\">\n<div class=\"screen-reader-response\"><p role=\"status\" aria-live=\"polite\" aria-atomic=\"true\"><\/p> <ul><\/ul><\/div>\n<form action=\"\/es\/wp-json\/wp\/v2\/pages\/301#wpcf7-f401-o1\" method=\"post\" class=\"wpcf7-form init\" aria-label=\"Formulario de contacto\" enctype=\"multipart\/form-data\" novalidate=\"novalidate\" data-status=\"init\">\n<fieldset class=\"hidden-fields-container\"><input type=\"hidden\" name=\"_wpcf7\" value=\"401\" \/><input type=\"hidden\" name=\"_wpcf7_version\" value=\"6.1.5\" \/><input type=\"hidden\" name=\"_wpcf7_locale\" value=\"en\" \/><input type=\"hidden\" name=\"_wpcf7_unit_tag\" value=\"wpcf7-f401-o1\" \/><input type=\"hidden\" name=\"_wpcf7_container_post\" value=\"0\" \/><input type=\"hidden\" name=\"_wpcf7_posted_data_hash\" value=\"\" \/>\n<\/fieldset>\n<h3>Sus Datos\n<\/h3>\n<p><label>Nombre (requerido)<br \/>\n<span class=\"wpcf7-form-control-wrap\" data-name=\"your-name\"><input size=\"40\" maxlength=\"400\" class=\"wpcf7-form-control wpcf7-text wpcf7-validates-as-required\" aria-required=\"true\" aria-invalid=\"false\" value=\"\" type=\"text\" name=\"your-name\" \/><\/span> <\/label>\n<\/p>\n<p><label>Correo Electr\u00f3nico (requerido)<br \/>\n<span class=\"wpcf7-form-control-wrap\" data-name=\"your-email\"><input size=\"40\" maxlength=\"400\" class=\"wpcf7-form-control wpcf7-email wpcf7-validates-as-required wpcf7-text wpcf7-validates-as-email\" aria-required=\"true\" aria-invalid=\"false\" value=\"\" type=\"email\" name=\"your-email\" \/><\/span> <\/label>\n<\/p>\n<p><label>n\u00famero de tel\u00e9fono (requerido)<br \/>\n<span class=\"wpcf7-form-control-wrap\" data-name=\"your-phone\"><input size=\"40\" maxlength=\"400\" class=\"wpcf7-form-control wpcf7-text wpcf7-validates-as-required\" aria-required=\"true\" aria-invalid=\"false\" value=\"\" type=\"text\" name=\"your-phone\" \/><\/span> <\/label>\n<\/p>\n<p><label>Nombre de la Empresa (requerido)<br \/>\n<span class=\"wpcf7-form-control-wrap\" data-name=\"your-company\"><input size=\"40\" maxlength=\"400\" class=\"wpcf7-form-control wpcf7-text wpcf7-validates-as-required\" aria-required=\"true\" aria-invalid=\"false\" value=\"\" type=\"text\" name=\"your-company\" \/><\/span> <\/label>\n<\/p>\n<h3>Detalles del proyecto\n<\/h3>\n<p><label> \u00bfD\u00f3nde se encuentra el proyecto?<br \/>\n<span class=\"wpcf7-form-control-wrap\" data-name=\"location\"><input size=\"40\" maxlength=\"400\" class=\"wpcf7-form-control wpcf7-text\" aria-invalid=\"false\" value=\"\" type=\"text\" name=\"location\" \/><\/span> <\/label>\n<\/p>\n<p><label> \u00bfEn qu\u00e9 fase se encuentra el proyecto actualmente? (por ejemplo, estudio de viabilidad, dise\u00f1o conceptual, desarrollo del dise\u00f1o, aprobaci\u00f3n)<br \/>\n<span class=\"wpcf7-form-control-wrap\" data-name=\"stage\"><input size=\"40\" maxlength=\"400\" class=\"wpcf7-form-control wpcf7-text\" aria-invalid=\"false\" value=\"\" type=\"text\" name=\"stage\" \/><\/span> <\/label>\n<\/p>\n<p><label> \u00bfDe d\u00f3nde viene la alimentaci\u00f3n (fuente)? (Por favor, d\u00e9 tantos detalles como sea posible sobre la alimentaci\u00f3n)<br \/>\n<span class=\"wpcf7-form-control-wrap\" data-name=\"feedw\"><textarea cols=\"40\" rows=\"10\" maxlength=\"2000\" class=\"wpcf7-form-control wpcf7-textarea\" aria-invalid=\"false\" name=\"feedw\"><\/textarea><\/span> <\/label>\n<\/p>\n<p>Adjunte los detalles del agua de alimentaci\u00f3n si est\u00e1n disponibles<br \/>\n(L\u00edmite de 5MB, se aceptan los siguientes tipos de archivo: gif,png,jpg,jpeg,pdf,docx,doc,ppt,pptx,xls,xlxs)<br \/>\n<span class=\"wpcf7-form-control-wrap\" data-name=\"source\"><input size=\"40\" class=\"wpcf7-form-control wpcf7-file\" accept=\".gif,.png,.jpg,.jpeg,.pdf,.docx,.doc,.ppt,.pptx,.xls,.xlxs\" aria-invalid=\"false\" type=\"file\" name=\"source\" \/><\/span>\n<\/p>\n<p><label> \u00bfCu\u00e1l es el objetivo? (Por favor, describa los objetivos con el mayor detalle posible)<br \/>\n<span class=\"wpcf7-form-control-wrap\" data-name=\"objective\"><textarea cols=\"40\" rows=\"10\" maxlength=\"2000\" class=\"wpcf7-form-control wpcf7-textarea\" aria-invalid=\"false\" name=\"objective\"><\/textarea><\/span> <\/label>\n<\/p>\n<p>Adjunte los detalles del agua tratada si est\u00e1n disponibles<br \/>\n(L\u00edmite de 5MB, acepta los siguientes tipos de archivo: gif,png,jpg,jpeg,pdf,docx,doc,ppt,pptx,xls,xlxs)<br \/>\n<span class=\"wpcf7-form-control-wrap\" data-name=\"output\"><input size=\"40\" class=\"wpcf7-form-control wpcf7-file\" accept=\".gif,.png,.jpg,.jpeg,.pdf,.docx,.doc,.ppt,.pptx,.xls,.xlxs\" aria-invalid=\"false\" type=\"file\" name=\"output\" \/><\/span>\n<\/p>\n<h3>Otros\n<\/h3>\n<p><label> \u00bfAlguna otra pregunta \/comentario?<br \/>\n<span class=\"wpcf7-form-control-wrap\" data-name=\"other\"><textarea cols=\"40\" rows=\"10\" maxlength=\"2000\" class=\"wpcf7-form-control wpcf7-textarea\" aria-invalid=\"false\" name=\"other\"><\/textarea><\/span> <\/label><br \/>\n<input class=\"wpcf7-form-control wpcf7-hidden\" value=\"Water Treatment \/ Metal Recovery\" type=\"hidden\" name=\"cf7sentto\" \/>\n<input class=\"wpcf7-form-control wpcf7-hidden\" id=\"cnqref\" value=\"\" type=\"hidden\" name=\"cnqref\" \/><br \/>\n<input class=\"wpcf7-form-control wpcf7-submit has-spinner\" type=\"submit\" value=\"Enviar\" \/>\n<\/p><p style=\"display: none !important;\" class=\"akismet-fields-container\" data-prefix=\"_wpcf7_ak_\"><label>&#916;<textarea name=\"_wpcf7_ak_hp_textarea\" cols=\"45\" rows=\"8\" maxlength=\"100\"><\/textarea><\/label><input type=\"hidden\" id=\"ak_js_1\" name=\"_wpcf7_ak_js\" value=\"158\"\/><script>document.getElementById( \"ak_js_1\" ).setAttribute( \"value\", ( new Date() ).getTime() );<\/script><\/p><div class=\"wpcf7-response-output\" aria-hidden=\"true\"><\/div>\n<\/form>\n<\/div>\n\n","protected":false},"excerpt":{"rendered":"<p>Consulta T\u00e9cnica<\/p>\n","protected":false},"author":8,"featured_media":1935,"parent":338,"menu_order":0,"comment_status":"closed","ping_status":"closed","template":"template-img64.php","meta":{"inline_featured_image":false,"footnotes":""},"class_list":["post-301","page","type-page","status-publish","has-post-thumbnail","hentry"],"_links":{"self":[{"href":"https:\/\/www.cleanteqwater.com\/es\/wp-json\/wp\/v2\/pages\/301","targetHints":{"allow":["GET"]}}],"collection":[{"href":"https:\/\/www.cleanteqwater.com\/es\/wp-json\/wp\/v2\/pages"}],"about":[{"href":"https:\/\/www.cleanteqwater.com\/es\/wp-json\/wp\/v2\/types\/page"}],"author":[{"embeddable":true,"href":"https:\/\/www.cleanteqwater.com\/es\/wp-json\/wp\/v2\/users\/8"}],"replies":[{"embeddable":true,"href":"https:\/\/www.cleanteqwater.com\/es\/wp-json\/wp\/v2\/comments?post=301"}],"version-history":[{"count":7,"href":"https:\/\/www.cleanteqwater.com\/es\/wp-json\/wp\/v2\/pages\/301\/revisions"}],"predecessor-version":[{"id":2400,"href":"https:\/\/www.cleanteqwater.com\/es\/wp-json\/wp\/v2\/pages\/301\/revisions\/2400"}],"up":[{"embeddable":true,"href":"https:\/\/www.cleanteqwater.com\/es\/wp-json\/wp\/v2\/pages\/338"}],"wp:featuredmedia":[{"embeddable":true,"href":"https:\/\/www.cleanteqwater.com\/es\/wp-json\/wp\/v2\/media\/1935"}],"wp:attachment":[{"href":"https:\/\/www.cleanteqwater.com\/es\/wp-json\/wp\/v2\/media?parent=301"}],"curies":[{"name":"wp","href":"https:\/\/api.w.org\/{rel}","templated":true}]}}