{"id":297,"date":"2020-03-20T04:54:27","date_gmt":"2020-03-20T04:54:27","guid":{"rendered":"https:\/\/staging8.cleanteqwater.com\/?page_id=297"},"modified":"2020-07-06T05:08:33","modified_gmt":"2020-07-06T05:08:33","slug":"suministro-de-resina-de-intercambio-ionico","status":"publish","type":"page","link":"https:\/\/www.cleanteqwater.com\/es\/servicios\/suministro-de-resina-de-intercambio-ionico\/","title":{"rendered":"Suministro de Resina de Intercambio I\u00f3nico"},"content":{"rendered":"\n<h2 class=\"has-text-align-center wp-block-heading\">Suministro de Resina de Intercambio I\u00f3nico<\/h2>\n\n\n\n<p>La aplicaci\u00f3n de resinas es una de las \u00e1reas de inter\u00e9s de Clean TeQ Water suministra una variedad de resinas, que se utilizan en nuestros propios sistemas o para aplicaciones generales.&nbsp; Las resinas son las peque\u00f1as perlas (normalmente de base polim\u00e9rica) que se utilizan en el proceso de intercambio de iones. Un ion fijo est\u00e1 permanentemente unido a la estructura del pol\u00edmero, que no puede ser eliminado, y su carga se equilibra con un contra-i\u00f3n m\u00f3vil. Durante el intercambio de iones, el contra-i\u00f3n m\u00f3vil es sustituido por un ion de la soluci\u00f3n que tiene una mayor afinidad, y este ion adsorbido es eliminado de la soluci\u00f3n. Disponemos de varias f\u00f3rmulas de resina patentadas para aplicaciones de extracci\u00f3n de metales y recuperaci\u00f3n de agua, y relaciones con proveedores de resina a nivel mundial para tener acceso a las \u00faltimas innovaciones en el desarrollo de resinas.<\/p>\n\n\n\n<p>Las resinas pueden dise\u00f1arse para eliminar aniones, cationes o especies espec\u00edficas de una soluci\u00f3n, lo que puede utilizarse para reducir la dureza, eliminar elementos de incrustaci\u00f3n o suciedad antes de las membranas, eliminar metales peligrosos o recuperar productos valiosos. La resina que suministramos para un proyecto depender\u00e1 de los requisitos de tratamiento del agua, y las resinas est\u00e1ndar como el cati\u00f3n \u00e1cido fuerte (SAC), el ani\u00f3n base fuerte (SBA), el cati\u00f3n \u00e1cido d\u00e9bil (WAC) o el ani\u00f3n base d\u00e9bil (WBA) pueden ser adecuadas. Tambi\u00e9n se pueden elegir resinas que se dirigen a una especie espec\u00edfica en una soluci\u00f3n, o podemos usar nuestra fortaleza en la investigaci\u00f3n y el desarrollo para encontrar una resina que cumpla con las especificaciones.<\/p>\n\n\n\n<p>Las resinas que suministramos para nuestros procesos patentados de intercambio continuo de iones est\u00e1n espec\u00edficamente dise\u00f1adas y producidas para soportar el estr\u00e9s adicional que se ejerce sobre la resina cuando se mueve. Todas las resinas que suministramos cumplir\u00e1n con nuestros estrictos procedimientos de garant\u00eda de calidad, siendo inspeccionadas y probadas antes de ser suministradas a un cliente.<\/p>\n\n\n\n<div class=\"wp-block-group\"><div class=\"wp-block-group__inner-container is-layout-flow wp-block-group-is-layout-flow\">\n<h2 class=\"has-text-align-center wp-block-heading\">Obtenga M\u00e1s Informaci\u00f3n<\/h2>\n\n\n\n<p class=\"has-text-align-center\"><a href=\"https:\/\/www.cleanteqwater.com\/es\/contactenos\/\">Cont\u00e1ctenos<\/a> para conocer sus necesidades de tratamiento de agua.<\/p>\n<\/div><\/div>\n\n\n\n<p><\/p>\n","protected":false},"excerpt":{"rendered":"<p>Suministro de Resina de Intercambio I\u00f3nico La aplicaci\u00f3n de resinas es una de las \u00e1reas de inter\u00e9s de Clean TeQ Water suministra una variedad de resinas, que se utilizan en nuestros propios sistemas o para aplicaciones generales.&nbsp; Las resinas son las peque\u00f1as perlas (normalmente de base polim\u00e9rica) que se utilizan en el proceso de intercambio [&hellip;]<\/p>\n","protected":false},"author":8,"featured_media":1861,"parent":253,"menu_order":0,"comment_status":"closed","ping_status":"closed","template":"template-img64.php","meta":{"inline_featured_image":false,"footnotes":""},"class_list":["post-297","page","type-page","status-publish","has-post-thumbnail","hentry"],"_links":{"self":[{"href":"https:\/\/www.cleanteqwater.com\/es\/wp-json\/wp\/v2\/pages\/297","targetHints":{"allow":["GET"]}}],"collection":[{"href":"https:\/\/www.cleanteqwater.com\/es\/wp-json\/wp\/v2\/pages"}],"about":[{"href":"https:\/\/www.cleanteqwater.com\/es\/wp-json\/wp\/v2\/types\/page"}],"author":[{"embeddable":true,"href":"https:\/\/www.cleanteqwater.com\/es\/wp-json\/wp\/v2\/users\/8"}],"replies":[{"embeddable":true,"href":"https:\/\/www.cleanteqwater.com\/es\/wp-json\/wp\/v2\/comments?post=297"}],"version-history":[{"count":18,"href":"https:\/\/www.cleanteqwater.com\/es\/wp-json\/wp\/v2\/pages\/297\/revisions"}],"predecessor-version":[{"id":2365,"href":"https:\/\/www.cleanteqwater.com\/es\/wp-json\/wp\/v2\/pages\/297\/revisions\/2365"}],"up":[{"embeddable":true,"href":"https:\/\/www.cleanteqwater.com\/es\/wp-json\/wp\/v2\/pages\/253"}],"wp:featuredmedia":[{"embeddable":true,"href":"https:\/\/www.cleanteqwater.com\/es\/wp-json\/wp\/v2\/media\/1861"}],"wp:attachment":[{"href":"https:\/\/www.cleanteqwater.com\/es\/wp-json\/wp\/v2\/media?parent=297"}],"curies":[{"name":"wp","href":"https:\/\/api.w.org\/{rel}","templated":true}]}}