{"id":294,"date":"2020-03-20T04:53:12","date_gmt":"2020-03-20T04:53:12","guid":{"rendered":"https:\/\/staging8.cleanteqwater.com\/?page_id=294"},"modified":"2020-07-06T05:06:59","modified_gmt":"2020-07-06T05:06:59","slug":"ingenieria-adquisicion-y-construccion-epc","status":"publish","type":"page","link":"https:\/\/www.cleanteqwater.com\/es\/servicios\/ingenieria-adquisicion-y-construccion-epc\/","title":{"rendered":"Ingenier\u00eda, Adquisici\u00f3n y Construcci\u00f3n (EPC)"},"content":{"rendered":"\n<h1 class=\"has-text-align-center wp-block-heading\">Ingenier\u00eda, Adquisici\u00f3n y Construcci\u00f3n (EPC)<\/h1>\n\n\n\n<p>Clean TeQ Water tiene una amplia experiencia en la entrega de proyectos bajo contratos EPC. Todos los proyectos se ejecutan bajo nuestro Sistema de Calidad, Salud, Seguridad y Medio Ambiente (QHSE), y tenemos una serie de <a href=\"https:\/\/www.cleanteqwater.com\/es\/recursos\/garantia-de-calidad\/\">acreditaciones y procesos de garant\u00eda de calidade<\/a>. Hemos descubierto que nuestra participaci\u00f3n temprana en el proceso de dise\u00f1o aumenta enormemente la tasa de progresi\u00f3n del proyecto, ya que las incertidumbres en la calidad de la alimentaci\u00f3n o del producto final pueden abordarse tempranamente. Esto tambi\u00e9n permite que se forme una relaci\u00f3n abierta y fiable en las primeras etapas del proyecto, manteniendo la comunicaci\u00f3n y creando confianza en la soluci\u00f3n.<\/p>\n\n\n\n<h2 class=\"wp-block-heading\">Ingenier\u00eda<\/h2>\n\n\n\n<p>Nuestro equipo de dise\u00f1o est\u00e1 formado por profesionales de la industria que tienen experiencia en la entrega de proyectos de tratamiento de agua. El equipo cubre todo el espectro de disciplinas de ingenier\u00eda para asegurar que todos los resultados de un proyecto puedan ser completados en casa. Nuestra estructura t\u00edpica de equipo de proyecto es como se ve en la imagen de abajo, con un \u00fanico punto de contacto entre el cliente y Clean TeQ Water para una comunicaci\u00f3n r\u00e1pida y clara y una integraci\u00f3n perfecta.<\/p>\n\n\n\n<div class=\"wp-block-image\"><figure class=\"aligncenter size-full is-resized\"><img loading=\"lazy\" decoding=\"async\" src=\"\/cdn-cgi\/image\/quality=80,format=auto,onerror=redirect,metadata=none\/wp-content\/uploads\/sites\/4\/2020\/07\/epc-3.png\" alt=\"\" class=\"wp-image-2395\" width=\"395\" height=\"344\" title=\"\" srcset=\"\/cdn-cgi\/image\/quality=80,format=auto,onerror=redirect,metadata=none\/wp-content\/uploads\/sites\/4\/2020\/07\/epc-3.png 790w, \/cdn-cgi\/image\/width=300,height=261,fit=crop,quality=80,format=auto,onerror=redirect,metadata=none\/wp-content\/uploads\/sites\/4\/2020\/07\/epc-3.png 300w, \/cdn-cgi\/image\/width=768,height=669,fit=crop,quality=80,format=auto,onerror=redirect,metadata=none\/wp-content\/uploads\/sites\/4\/2020\/07\/epc-3.png 768w\" sizes=\"auto, (max-width: 395px) 100vw, 395px\" \/><\/figure><\/div>\n\n\n\n<p>Durante la ejecuci\u00f3n de un proyecto, todos los criterios, decisiones y recomendaciones de ingenier\u00eda est\u00e1n respaldados por datos y c\u00e1lculos cient\u00edficos. La planta se modela utilizando programas inform\u00e1ticos de CAD, y el proyecto piloto de la planta se suele llevar a cabo antes de que se inicie la adquisici\u00f3n y la construcci\u00f3n del plan principal.<\/p>\n\n\n\n<h2 class=\"wp-block-heading\">Adquisici\u00f3n y Construcci\u00f3n<\/h2>\n\n\n\n<p>Durante la ejecuci\u00f3n del proyecto, el director y el ingeniero del proyecto se dedican a la adquisici\u00f3n y la entrega, creando un plan completo de gesti\u00f3n de la calidad al comienzo del proyecto. Clean TeQ Water tiene personal de suministro ubicado en Australia y China, y tiene buenas relaciones con los proveedores de ambas regiones. Esto permite obtener costos competitivos y productos de calidad. Todos los art\u00edculos adquiridos para el proyecto ser\u00e1n inspeccionados y probados como parte del proceso de garant\u00eda de calidad.<\/p>\n\n\n\n<p>El director del proyecto estar\u00e1 en el lugar durante el per\u00edodo de construcci\u00f3n para asegurar que la planta de tratamiento de agua est\u00e9 correctamente instalada y que cualquier problema que surja pueda ser atendido inmediatamente.<\/p>\n\n\n\n<h2 class=\"wp-block-heading\">Puesta en Servicio y Soporte Continuo<\/h2>\n\n\n\n<p>La puesta en marcha se completar\u00e1 normalmente con los ingenieros de dise\u00f1o, el personal del sitio y el equipo de construcci\u00f3n. En este momento se proporciona entrenamiento al personal del sitio, con el personal de Clean&nbsp; TeQ trabajando directamente con los operadores para asegurar un completo entendimiento en el proceso, operaci\u00f3n y mantenimiento. El personal de Clean&nbsp; TeQ permanecer\u00e1 en el sitio generalmente por un per\u00edodo de desempe\u00f1o de por lo menos 30 d\u00edas, trabajando estrechamente con los operadores del sitio hasta que hayan acumulado suficientes conocimientos para operar con confianza la planta por su cuenta.<\/p>\n\n\n\n<p>El personal de Clean&nbsp;TeQ puede visitar la planta regularmente (por ejemplo, cada 3 meses) para asegurar que el rendimiento de la planta sea \u00f3ptimo.&nbsp; Si se dispone de acceso remoto al SCADA de la planta, el personal de Clean TeQ puede revisar el rendimiento de la planta diariamente y proporcionar asesoramiento directo sobre las modificaciones de la planta, si es necesario, desde su oficina central en Melbourne, Australia. Clean TeQ tambi\u00e9n puede proporcionar un representante local de Clean TeQ para que est\u00e9 destinado en el lugar durante un per\u00edodo de doce meses, para ayudar en el funcionamiento y la optimizaci\u00f3n continua de la planta.<\/p>\n\n\n\n<div class=\"wp-block-group\"><div class=\"wp-block-group__inner-container is-layout-flow wp-block-group-is-layout-flow\">\n<h2 class=\"has-text-align-center wp-block-heading\">Obtenga M\u00e1s Informaci\u00f3n<\/h2>\n\n\n\n<p class=\"has-text-align-center\"><a href=\"https:\/\/www.cleanteqwater.com\/es\/contactenos\/\">Cont\u00e1ctenos<\/a> para conocer sus necesidades de tratamiento de agua.<\/p>\n<\/div><\/div>\n","protected":false},"excerpt":{"rendered":"<p>Ingenier\u00eda, Adquisici\u00f3n y Construcci\u00f3n (EPC) Clean TeQ Water tiene una amplia experiencia en la entrega de proyectos bajo contratos EPC. Todos los proyectos se ejecutan bajo nuestro Sistema de Calidad, Salud, Seguridad y Medio Ambiente (QHSE), y tenemos una serie de acreditaciones y procesos de garant\u00eda de calidade. Hemos descubierto que nuestra participaci\u00f3n temprana en [&hellip;]<\/p>\n","protected":false},"author":8,"featured_media":1935,"parent":253,"menu_order":0,"comment_status":"closed","ping_status":"closed","template":"template-img64.php","meta":{"inline_featured_image":false,"footnotes":""},"class_list":["post-294","page","type-page","status-publish","has-post-thumbnail","hentry"],"_links":{"self":[{"href":"https:\/\/www.cleanteqwater.com\/es\/wp-json\/wp\/v2\/pages\/294","targetHints":{"allow":["GET"]}}],"collection":[{"href":"https:\/\/www.cleanteqwater.com\/es\/wp-json\/wp\/v2\/pages"}],"about":[{"href":"https:\/\/www.cleanteqwater.com\/es\/wp-json\/wp\/v2\/types\/page"}],"author":[{"embeddable":true,"href":"https:\/\/www.cleanteqwater.com\/es\/wp-json\/wp\/v2\/users\/8"}],"replies":[{"embeddable":true,"href":"https:\/\/www.cleanteqwater.com\/es\/wp-json\/wp\/v2\/comments?post=294"}],"version-history":[{"count":10,"href":"https:\/\/www.cleanteqwater.com\/es\/wp-json\/wp\/v2\/pages\/294\/revisions"}],"predecessor-version":[{"id":2397,"href":"https:\/\/www.cleanteqwater.com\/es\/wp-json\/wp\/v2\/pages\/294\/revisions\/2397"}],"up":[{"embeddable":true,"href":"https:\/\/www.cleanteqwater.com\/es\/wp-json\/wp\/v2\/pages\/253"}],"wp:featuredmedia":[{"embeddable":true,"href":"https:\/\/www.cleanteqwater.com\/es\/wp-json\/wp\/v2\/media\/1935"}],"wp:attachment":[{"href":"https:\/\/www.cleanteqwater.com\/es\/wp-json\/wp\/v2\/media?parent=294"}],"curies":[{"name":"wp","href":"https:\/\/api.w.org\/{rel}","templated":true}]}}