{"id":274,"date":"2020-03-20T04:49:33","date_gmt":"2020-03-20T04:49:33","guid":{"rendered":"https:\/\/staging8.cleanteqwater.com\/?page_id=274"},"modified":"2020-07-06T05:00:30","modified_gmt":"2020-07-06T05:00:30","slug":"agricultura","status":"publish","type":"page","link":"https:\/\/www.cleanteqwater.com\/es\/mercados\/agricultura\/","title":{"rendered":"Tratamiento del Agua para la Agricultura"},"content":{"rendered":"\n<h2 class=\"has-text-align-center wp-block-heading\">Tratamiento del Agua para la Agricultura<\/h2>\n\n\n\n<p>El agua para la agricultura o el agua de la granja es el agua que se va a utilizar para la agricultura. Las fuentes t\u00edpicas de agua para la agricultura son las aguas superficiales (arroyos, r\u00edos, presas y reservorios) y las aguas subterr\u00e1neas (manantiales, pozos y aguas de perforaci\u00f3n). La agricultura es, por mucho, el mayor usuario mundial de agua, responsable de alrededor del 70% del uso mundial de agua dulce.<\/p>\n\n\n\n<h2 class=\"has-text-align-center wp-block-heading\">Contaminaci\u00f3n de las Fuentes de Agua<\/h2>\n\n\n\n<p>El riego de los cultivos es uno de los principales consumidores de agua, por lo que es necesario monitorear de cerca la concentraci\u00f3n de contaminantes. Esto es para asegurar el crecimiento \u00f3ptimo del cultivo y garantizar su calidad. El riego de cultivos con agua contaminada tambi\u00e9n puede causar problemas ambientales, ya que los contaminantes pueden filtrarse a trav\u00e9s del suelo y en las aguas subterr\u00e1neas.<\/p>\n\n\n\n<p>Tambi\u00e9n es necesario vigilar los contaminantes cuando se utiliza el agua para alimentar al ganado, a fin de garantizar su salud. Normalmente los niveles de contaminantes para el ganado se encuentran entre los niveles aceptables para el riego de cultivos y el consumo humano, y diferentes animales pueden tolerar diferentes niveles de impurezas.<\/p>\n\n\n\n<h2 class=\"has-text-align-center wp-block-heading\">Contaminaci\u00f3n del Agua de Vertida<\/h2>\n\n\n\n<p>El agua de escorrent\u00eda agr\u00edcola puede contener una amplia variedad de contaminantes, generalmente como resultado del uso de fertilizantes, pesticidas y esti\u00e9rcol animal. Esos contaminantes t\u00edpicamente incluyen Nitrato, Amon\u00edaco y Fosfato y una alta contaminaci\u00f3n org\u00e1nica en general. A veces la escorrent\u00eda incluye incluso hormonas sint\u00e9ticas y antibi\u00f3ticos. Los plaguicidas se roc\u00edan en una serie de cultivos para controlar las plagas y mejorar la producci\u00f3n, y estos productos qu\u00edmicos pueden llegar a los suministros de agua y requieren tratamiento.<\/p>\n\n\n\n<p>La liberaci\u00f3n de agua contaminada en lagos, r\u00edos o arroyos tiene un efecto devastador en el medio ambiente local, da\u00f1ando eventualmente las plantas, los peces y otra fauna silvestre que entran en contacto con ella y afectando la capacidad de las comunidades locales para utilizar el agua para su consumo. D\u00e9cadas de alto uso de fertilizantes en algunas \u00e1reas de los EE.UU. han dado lugar a la contaminaci\u00f3n de las aguas subterr\u00e1neas haci\u00e9ndolas no aptas para el consumo sin un tratamiento avanzado. El uso de agua contaminada para cultivar puede tener un grave impacto ambiental, ya que el agua se filtra en el suelo y a trav\u00e9s de las aguas subterr\u00e1neas.<\/p>\n\n\n\n<h2 class=\"has-text-align-center wp-block-heading\">Nuestras Tecnolog\u00edas<\/h2>\n\n\n\n<p>Clean TeQ water tiene una serie de tecnolog\u00edas adecuadas para eliminar los nutrientes del agua de vertido agr\u00edcola. Nuestra tecnolog\u00eda <a href=\"https:\/\/www.cleanteqwater.com\/es\/tecnologia\/bionex\/\">BIONEX\u2122<\/a> es particularmente adecuada para eliminar de forma fiable el nitrato y el amon\u00edaco de grandes vol\u00famenes de escorrent\u00eda a menos de 1 parte por bill\u00f3n, haci\u00e9ndola segura para su reutilizaci\u00f3n o descarga. Usando esta tecnolog\u00eda tambi\u00e9n podemos eliminar el fosfato, la DBO y la DQO de la corriente.<\/p>\n\n\n\n<p>En cuanto al suministro de agua, podemos proporcionar a los usuarios agr\u00edcolas sistemas de bajo costo con cero o un m\u00ednimo de salmuera que eliminan las salmueras del suministro de agua, previniendo as\u00ed la degradaci\u00f3n del suelo y asegurando la calidad de los cultivos o la salud del ganado.<\/p>\n\n\n\n<div class=\"wp-block-group\"><div class=\"wp-block-group__inner-container is-layout-flow wp-block-group-is-layout-flow\">\n<h2 class=\"has-text-align-center wp-block-heading\">Obtenga M\u00e1s Informaci\u00f3n<\/h2>\n\n\n\n<p class=\"has-text-align-center\"><a href=\"https:\/\/www.cleanteqwater.com\/es\/contactenos\/\">Cont\u00e1ctenos<\/a> para conocer sus necesidades de tratamiento de agua.<\/p>\n<\/div><\/div>\n","protected":false},"excerpt":{"rendered":"<p>Tratamiento del Agua para la Agricultura El agua para la agricultura o el agua de la granja es el agua que se va a utilizar para la agricultura. Las fuentes t\u00edpicas de agua para la agricultura son las aguas superficiales (arroyos, r\u00edos, presas y reservorios) y las aguas subterr\u00e1neas (manantiales, pozos y aguas de perforaci\u00f3n). [&hellip;]<\/p>\n","protected":false},"author":8,"featured_media":1944,"parent":30,"menu_order":0,"comment_status":"closed","ping_status":"closed","template":"template-img64.php","meta":{"inline_featured_image":false,"footnotes":""},"class_list":["post-274","page","type-page","status-publish","has-post-thumbnail","hentry"],"_links":{"self":[{"href":"https:\/\/www.cleanteqwater.com\/es\/wp-json\/wp\/v2\/pages\/274","targetHints":{"allow":["GET"]}}],"collection":[{"href":"https:\/\/www.cleanteqwater.com\/es\/wp-json\/wp\/v2\/pages"}],"about":[{"href":"https:\/\/www.cleanteqwater.com\/es\/wp-json\/wp\/v2\/types\/page"}],"author":[{"embeddable":true,"href":"https:\/\/www.cleanteqwater.com\/es\/wp-json\/wp\/v2\/users\/8"}],"replies":[{"embeddable":true,"href":"https:\/\/www.cleanteqwater.com\/es\/wp-json\/wp\/v2\/comments?post=274"}],"version-history":[{"count":31,"href":"https:\/\/www.cleanteqwater.com\/es\/wp-json\/wp\/v2\/pages\/274\/revisions"}],"predecessor-version":[{"id":2194,"href":"https:\/\/www.cleanteqwater.com\/es\/wp-json\/wp\/v2\/pages\/274\/revisions\/2194"}],"up":[{"embeddable":true,"href":"https:\/\/www.cleanteqwater.com\/es\/wp-json\/wp\/v2\/pages\/30"}],"wp:featuredmedia":[{"embeddable":true,"href":"https:\/\/www.cleanteqwater.com\/es\/wp-json\/wp\/v2\/media\/1944"}],"wp:attachment":[{"href":"https:\/\/www.cleanteqwater.com\/es\/wp-json\/wp\/v2\/media?parent=274"}],"curies":[{"name":"wp","href":"https:\/\/api.w.org\/{rel}","templated":true}]}}