{"id":266,"date":"2020-03-20T04:46:51","date_gmt":"2020-03-20T04:46:51","guid":{"rendered":"https:\/\/staging8.cleanteqwater.com\/?page_id=266"},"modified":"2020-07-06T05:32:25","modified_gmt":"2020-07-06T05:32:25","slug":"cif","status":"publish","type":"page","link":"https:\/\/www.cleanteqwater.com\/es\/tecnologia\/cif\/","title":{"rendered":"CIF\u00ae (Filtraci\u00f3n I\u00f3nica Continua)"},"content":{"rendered":"\n<h1 class=\"has-text-align-center wp-block-heading\">CIF<sup>\u00ae<\/sup> (Filtraci\u00f3n I\u00f3nica Continua)<\/h1>\n\n\n\n<p>Nuestra tecnolog\u00eda CIF<sup>\u00ae<\/sup> combina el intercambio continuo de iones y la filtraci\u00f3n f\u00edsica para eliminar los contaminantes del agua. Esta tecnolog\u00eda est\u00e1 probada y desarrollada a partir de los fundamentos del intercambio de iones, un proceso que se ha utilizado en la industria del agua durante m\u00e1s de 50 a\u00f1os, y que se utiliza ampliamente en todo el mundo para la recuperaci\u00f3n hidrometal\u00fargica en la miner\u00eda.<\/p>\n\n\n\n<p>CIF<sup>\u00ae<\/sup> utiliza un lecho m\u00f3vil de microesferas de resina cargadas para atraer y eliminar las especies i\u00f3nicas del agua mientras filtra el agua de los s\u00f3lidos en suspensi\u00f3n, asegurando una eficiencia \u00f3ptima y un alto rendimiento continuo. Una parte de la resina se cicla entre las columnas (normalmente cada hora) utilizando una bomba de aire, lo que permite el funcionamiento continuo y la regeneraci\u00f3n del sistema.<\/p>\n\n\n\n<div class=\"wp-block-image\"><figure class=\"aligncenter size-medium\"><img width=\"300\" height=\"242\"loading=\"lazy\" decoding=\"async\" width=\"300\" height=\"242\" src=\"\/cdn-cgi\/image\/width=300,height=242,fit=crop,quality=80,format=auto,onerror=redirect,metadata=none\/wp-content\/uploads\/sites\/4\/2020\/07\/ion-exchange-2.png\" alt=\"\" class=\"wp-image-2374\" title=\"\" srcset=\"\/cdn-cgi\/image\/width=300,height=242,fit=crop,quality=80,format=auto,onerror=redirect,metadata=none\/wp-content\/uploads\/sites\/4\/2020\/07\/ion-exchange-2.png 300w, \/cdn-cgi\/image\/width=1024,height=826,fit=crop,quality=80,format=auto,onerror=redirect,metadata=none\/wp-content\/uploads\/sites\/4\/2020\/07\/ion-exchange-2.png 1024w, \/cdn-cgi\/image\/width=768,height=619,fit=crop,quality=80,format=auto,onerror=redirect,metadata=none\/wp-content\/uploads\/sites\/4\/2020\/07\/ion-exchange-2.png 768w, \/cdn-cgi\/image\/quality=80,format=auto,onerror=redirect,metadata=none\/wp-content\/uploads\/sites\/4\/2020\/07\/ion-exchange-2.png 1395w\" sizes=\"auto, (max-width: 300px) 100vw, 300px\" \/><figcaption>Proceso de Intercambio de Iones<\/figcaption><\/figure><\/div>\n\n\n\n<h2 class=\"has-text-align-center wp-block-heading\">Descripci\u00f3n del Proceso<\/h2>\n\n\n\n<p>Agua de alimentaci\u00f3n pasa hacia arriba a trav\u00e9s del lecho i\u00f3nico y sale por la parte superior del filtro como agua tratada. Al mismo tiempo, la resina se retira del fondo y pasa entre las columnas donde se limpia, se regenera y vuelve a la parte superior de la columna de adsorci\u00f3n.<\/p>\n\n\n\n<figure class=\"wp-block-image size-large\"><img width=\"1024\" height=\"607\"loading=\"lazy\" decoding=\"async\" width=\"1024\" height=\"607\" src=\"\/cdn-cgi\/image\/width=1024,height=607,fit=crop,quality=80,format=auto,onerror=redirect,metadata=none\/wp-content\/uploads\/sites\/4\/2020\/07\/cif-2.png\" alt=\"\" class=\"wp-image-2376\" title=\"\" srcset=\"\/cdn-cgi\/image\/width=1024,height=607,fit=crop,quality=80,format=auto,onerror=redirect,metadata=none\/wp-content\/uploads\/sites\/4\/2020\/07\/cif-2.png 1024w, \/cdn-cgi\/image\/width=300,height=178,fit=crop,quality=80,format=auto,onerror=redirect,metadata=none\/wp-content\/uploads\/sites\/4\/2020\/07\/cif-2.png 300w, \/cdn-cgi\/image\/width=768,height=456,fit=crop,quality=80,format=auto,onerror=redirect,metadata=none\/wp-content\/uploads\/sites\/4\/2020\/07\/cif-2.png 768w, \/cdn-cgi\/image\/width=1536,height=911,fit=crop,quality=80,format=auto,onerror=redirect,metadata=none\/wp-content\/uploads\/sites\/4\/2020\/07\/cif-2.png 1536w, \/cdn-cgi\/image\/quality=80,format=auto,onerror=redirect,metadata=none\/wp-content\/uploads\/sites\/4\/2020\/07\/cif-2.png 1898w\" sizes=\"auto, (max-width: 1024px) 100vw, 1024px\" \/><figcaption>Distribuci\u00f3n y Operaci\u00f3n de las Columnas CIF<sup>\u00ae<\/sup><\/figcaption><\/figure>\n\n\n\n<h2 class=\"has-text-align-center wp-block-heading\">Ventajas<\/h2>\n\n\n\n<figure class=\"wp-block-table advantages\"><table class=\"has-fixed-layout\"><tbody><tr><td>\u2714 Tratamiento directo de aguas de entrada variables sin necesidad de pretratamiento<\/td><td>\u2714 Realiza la m\u00e1xima recuperaci\u00f3n de agua logrando el m\u00ednimo desperdicio<\/td><\/tr><tr><td>\u2714 Flexibilidad en la calidad del agua de salida<\/td><td>\u2714 Pase \u00fanico con un r\u00e1pido tiempo de procesamiento<\/td><\/tr><tr><td>\u2714 Captura directa de s\u00f3lidos y eliminaci\u00f3n de iones sin bloquear o ensuciar<\/td><td>\u2714 Altas tasas de rendimiento de las plantas (hasta el 90%)<\/td><\/tr><tr><td>\u2714 Productos qu\u00edmicos s\u00f3lo se requieren para recargar la resina<\/td><td>\u2714 Requerimientos m\u00ednimos de energ\u00eda<\/td><\/tr><tr><td>\u2714 Materiales simples, sin partes m\u00f3viles o estructuras internas complicadas<\/td><td>\u2714 Funciona a presi\u00f3n atmosf\u00e9rica (sin recipientes a presi\u00f3n)<\/td><\/tr><tr><td>\u2714 Pretratamiento complementario para las plantas de \u00d3smosis Inversa que aumenta la recuperaci\u00f3n y la eficiencia operativa<\/td><td>\u2714 Operaci\u00f3n automatizada que incluye la compensaci\u00f3n de las necesidades variables de alimentaci\u00f3n y de agua producida<\/td><\/tr><\/tbody><\/table><\/figure>\n\n\n\n<h2 class=\"has-text-align-center wp-block-heading\">Aplicaciones<\/h2>\n\n\n\n<figure class=\"wp-block-table applications\"><table class=\"has-fixed-layout\"><thead><tr><th>Mercados<\/th><th>Soluciones<\/th><\/tr><\/thead><tbody><tr><td><a href=\"https:\/\/www.cleanteqwater.com\/es\/mercados\/mineria\/\">Miner\u00eda<\/a><\/td><td><a href=\"https:\/\/www.cleanteqwater.com\/es\/soluciones\/eliminacion-de-la-dureza\/\">Eliminaci\u00f3n de Dureza<\/a><\/td><\/tr><tr><td><a href=\"https:\/\/www.cleanteqwater.com\/es\/mercados\/reutilizacion-de-aguas-residuales-municipales\/\">Reutilizaci\u00f3n de Aguas Residuales Municipales<\/a><\/td><td><a href=\"https:\/\/www.cleanteqwater.com\/es\/soluciones\/eliminacion-de-nutrientes\/\">Eliminaci\u00f3n de Nutrientes<\/a><\/td><\/tr><tr><td><a href=\"https:\/\/www.cleanteqwater.com\/es\/mercados\/agua-superficial\/\">Aguas Superficiales<\/a><\/td><td><a href=\"https:\/\/www.cleanteqwater.com\/es\/soluciones\/eliminacion-de-impurezas\/eliminacion-de-uranio\/\">Eliminaci\u00f3n del Uranio<\/a><\/td><\/tr><tr><td><a href=\"https:\/\/www.cleanteqwater.com\/es\/mercados\/aguas-subterraneas\/\">Aguas Subterr\u00e1neas<\/a><\/td><td><a href=\"https:\/\/www.cleanteqwater.com\/es\/soluciones\/eliminacion-de-impurezas\/eliminacion-de-arsenico-antimonio\/\">Eliminaci\u00f3n de Ars\u00e9nico\/Antimonio<\/a><\/td><\/tr><tr><td><a href=\"https:\/\/www.cleanteqwater.com\/es\/mercados\/plantas-de-energia\/\">Plantas de Energ\u00eda<\/a><\/td><td><a href=\"https:\/\/www.cleanteqwater.com\/es\/soluciones\/eliminacion-de-impurezas\/eliminacion-del-selenio\/\">Eliminaci\u00f3n del Selenio<\/a><\/td><\/tr><tr><td><a href=\"https:\/\/www.cleanteqwater.com\/es\/mercados\/plaguicidas\/\">Plaguicidas<\/a><\/td><td><a href=\"https:\/\/www.cleanteqwater.com\/es\/soluciones\/eliminacion-de-impurezas\/eliminacion-de-boro\/\">Eliminaci\u00f3n de Boro<\/a><\/td><\/tr><tr><td><a href=\"https:\/\/www.cleanteqwater.com\/es\/mercados\/carbon-quimicos-finos-y-petroquimicos\/\">Carb\u00f3n, Qu\u00edmicos Finos y Petroqu\u00edmico<\/a><\/td><td><a href=\"https:\/\/www.cleanteqwater.com\/es\/soluciones\/eliminacion-de-la-dqo-dbo\/\">Eliminaci\u00f3n de DQO\/DBO<\/a><\/td><\/tr><tr><td><a href=\"https:\/\/www.cleanteqwater.com\/es\/mercados\/pesquerias\/\">Pesquer\u00edas<\/a><\/td><td><\/td><\/tr><tr><td><a href=\"https:\/\/www.cleanteqwater.com\/es\/mercados\/agricultura\/\">Agricultura<\/a><\/td><td><\/td><\/tr><\/tbody><\/table><\/figure>\n\n\n\n<h2 class=\"has-text-align-center wp-block-heading\">Obtenga M\u00e1s Informaci\u00f3n<\/h2>\n\n\n\n<p class=\"has-text-align-center\"><a href=\"https:\/\/www.cleanteqwater.com\/es\/contactenos\/\">Cont\u00e1ctenos<\/a> para conocer de qu\u00e9 m\u00e1s es capaz nuestra tecnolog\u00eda CIF<sup>\u00ae<\/sup> y c\u00f3mo puede ayudar a su pr\u00f3ximo proyecto de tratamiento de agua.<\/p>\n","protected":false},"excerpt":{"rendered":"<p>CIF\u00ae (Filtraci\u00f3n I\u00f3nica Continua) Nuestra tecnolog\u00eda CIF\u00ae combina el intercambio continuo de iones y la filtraci\u00f3n f\u00edsica para eliminar los contaminantes del agua. Esta tecnolog\u00eda est\u00e1 probada y desarrollada a partir de los fundamentos del intercambio de iones, un proceso que se ha utilizado en la industria del agua durante m\u00e1s de 50 a\u00f1os, y [&hellip;]<\/p>\n","protected":false},"author":8,"featured_media":1956,"parent":38,"menu_order":0,"comment_status":"closed","ping_status":"closed","template":"template-img64.php","meta":{"inline_featured_image":false,"footnotes":""},"class_list":["post-266","page","type-page","status-publish","has-post-thumbnail","hentry"],"_links":{"self":[{"href":"https:\/\/www.cleanteqwater.com\/es\/wp-json\/wp\/v2\/pages\/266","targetHints":{"allow":["GET"]}}],"collection":[{"href":"https:\/\/www.cleanteqwater.com\/es\/wp-json\/wp\/v2\/pages"}],"about":[{"href":"https:\/\/www.cleanteqwater.com\/es\/wp-json\/wp\/v2\/types\/page"}],"author":[{"embeddable":true,"href":"https:\/\/www.cleanteqwater.com\/es\/wp-json\/wp\/v2\/users\/8"}],"replies":[{"embeddable":true,"href":"https:\/\/www.cleanteqwater.com\/es\/wp-json\/wp\/v2\/comments?post=266"}],"version-history":[{"count":46,"href":"https:\/\/www.cleanteqwater.com\/es\/wp-json\/wp\/v2\/pages\/266\/revisions"}],"predecessor-version":[{"id":2377,"href":"https:\/\/www.cleanteqwater.com\/es\/wp-json\/wp\/v2\/pages\/266\/revisions\/2377"}],"up":[{"embeddable":true,"href":"https:\/\/www.cleanteqwater.com\/es\/wp-json\/wp\/v2\/pages\/38"}],"wp:featuredmedia":[{"embeddable":true,"href":"https:\/\/www.cleanteqwater.com\/es\/wp-json\/wp\/v2\/media\/1956"}],"wp:attachment":[{"href":"https:\/\/www.cleanteqwater.com\/es\/wp-json\/wp\/v2\/media?parent=266"}],"curies":[{"name":"wp","href":"https:\/\/api.w.org\/{rel}","templated":true}]}}