{"id":1116,"date":"2020-04-06T05:09:54","date_gmt":"2020-04-06T05:09:54","guid":{"rendered":"https:\/\/staging8.cleanteqwater.com\/?page_id=1116"},"modified":"2020-07-06T05:33:49","modified_gmt":"2020-07-06T05:33:49","slug":"desalx","status":"publish","type":"page","link":"https:\/\/www.cleanteqwater.com\/es\/tecnologia\/desalx\/","title":{"rendered":"DESALX\u00ae (2-Etapas CIF\u00ae)"},"content":{"rendered":"\n<h1 class=\"has-text-align-center wp-block-heading\">DESALX<sup>\u00ae<\/sup> (2-Etapas CIF<sup>\u00ae<\/sup>)<\/h1>\n\n\n\n<p>Nuestra tecnolog\u00eda DESALX<sup>\u00ae<\/sup> consiste en dos m\u00f3dulos <a href=\"https:\/\/www.cleanteqwater.com\/es\/tecnologia\/cif\/\">CIF<sup>\u00ae<\/sup><\/a> en serie que eliminan tanto los cationes como los aniones presentes en el agua mediante un proceso complementario. Cada m\u00f3dulo CIF<sup>\u00ae<\/sup> comprende una serie de cuatro columnas, cada una de ellas dise\u00f1ada para una funci\u00f3n espec\u00edfica &#8211; filtraci\u00f3n i\u00f3nica, limpieza de resinas, regeneraci\u00f3n de resinas y lavado de resinas. CIF<sup>\u00ae<\/sup> utiliza un lecho m\u00f3vil de microesferas cargadas para atraer y eliminar las part\u00edculas i\u00f3nicas del agua mientras filtra el agua de los s\u00f3lidos en suspensi\u00f3n, asegurando una eficiencia \u00f3ptima y un alto rendimiento continuo. Las resinas se reciclan entre las columnas cada hora utilizando una bomba de aire que permite el funcionamiento continuo y la regeneraci\u00f3n del sistema.<\/p>\n\n\n\n<figure class=\"wp-block-image size-large\"><img width=\"1024\" height=\"518\"loading=\"lazy\" decoding=\"async\" width=\"1024\" height=\"518\" src=\"\/cdn-cgi\/image\/width=1024,height=518,fit=crop,quality=80,format=auto,onerror=redirect,metadata=none\/wp-content\/uploads\/sites\/4\/2020\/07\/desalx-2.png\" alt=\"\" class=\"wp-image-2379\" title=\"\" srcset=\"\/cdn-cgi\/image\/width=1024,height=518,fit=crop,quality=80,format=auto,onerror=redirect,metadata=none\/wp-content\/uploads\/sites\/4\/2020\/07\/desalx-2.png 1024w, \/cdn-cgi\/image\/width=300,height=152,fit=crop,quality=80,format=auto,onerror=redirect,metadata=none\/wp-content\/uploads\/sites\/4\/2020\/07\/desalx-2.png 300w, \/cdn-cgi\/image\/width=768,height=389,fit=crop,quality=80,format=auto,onerror=redirect,metadata=none\/wp-content\/uploads\/sites\/4\/2020\/07\/desalx-2.png 768w, \/cdn-cgi\/image\/width=1536,height=777,fit=crop,quality=80,format=auto,onerror=redirect,metadata=none\/wp-content\/uploads\/sites\/4\/2020\/07\/desalx-2.png 1536w, \/cdn-cgi\/image\/width=2048,height=1037,fit=crop,quality=80,format=auto,onerror=redirect,metadata=none\/wp-content\/uploads\/sites\/4\/2020\/07\/desalx-2.png 2048w\" sizes=\"auto, (max-width: 1024px) 100vw, 1024px\" \/><figcaption>Ejemplo de Distribuci\u00f3n de la Tecnolog\u00eda DESALX<sup>\u00ae<\/sup><\/figcaption><\/figure>\n\n\n\n<p>En la <a href=\"https:\/\/www.cleanteqwater.com\/es\/mercados\/mineria\/\">industria minera<\/a> nuestra tecnolog\u00eda DESALX<sup>\u00ae<\/sup> se ha combinado con la tecnolog\u00eda de sedimentos de alta densidad (HDS) para lograr una <a href=\"https:\/\/www.cleanteqwater.com\/es\/soluciones\/cero-minima-de-descarga-de-liquidos\/\">descarga de l\u00edquidos cero<\/a> (ZLD). La porci\u00f3n de DESALX<sup>\u00ae<\/sup> del sistema primero elimina cationes multivalentes como los metales pesados y la dureza, y luego elimina aniones multivalentes como el sulfato y el nitrato, creando una salmuera a base de yeso. El agua tratada puede entonces ser reutilizada o tratada m\u00e1s adelante, y la salmuera es reciclada al sistema de HDS resultando en ZLD.<\/p>\n\n\n\n<h2 class=\"has-text-align-center wp-block-heading\">Ventajas<\/h2>\n\n\n\n<figure class=\"wp-block-table advantages\"><table class=\"has-fixed-layout\"><tbody><tr><td>\u2713 Pase dual con un r\u00e1pido tiempo de procesamiento<\/td><td>\u2713 Realiza la m\u00e1xima recuperaci\u00f3n de agua logrando el m\u00ednimo desperdicio<\/td><\/tr><tr><td>\u2713 Tratamiento directo de aguas de entrada variables sin necesidad de pretratamiento<\/td><td>\u2713 Produce yeso como subproducto para aplicaciones agr\u00edcolas y de acondicionamiento de aguas<\/td><\/tr><tr><td>\u2713 Flexibilidad en la calidad del agua de salida<\/td><td>\u2713 Puede producir aguas ultrapuras hasta TDS 50 mg\/L e inferiores<\/td><\/tr><tr><td>\u2713 Captura directa de s\u00f3lidos y eliminaci\u00f3n de iones sin bloquear o ensuciar<\/td><td>\u2713 Altas tasas de rendimiento de las plantas (hasta el 90%)<\/td><\/tr><tr><td>\u2713 Productos qu\u00edmicos s\u00f3lo se requieren para recargar la resina cati\u00f3nica<\/td><td>\u2713 Utiliza cal de bajo costo, para la regeneraci\u00f3n de la resina ani\u00f3nica<\/td><\/tr><tr><td>\u2713 Requerimientos m\u00ednimos de energ\u00eda<\/td><td>\u2713 Materiales simples, sin partes m\u00f3viles o estructuras internas complicadas<\/td><\/tr><tr><td>\u2713 Funciona a presi\u00f3n atmosf\u00e9rica (sin recipientes a presi\u00f3n)<\/td><td>\u2713 Operaci\u00f3n automatizada que incluye la compensaci\u00f3n de las necesidades variables de alimentaci\u00f3n y de agua producida.<\/td><\/tr><\/tbody><\/table><\/figure>\n\n\n\n<h2 class=\"has-text-align-center wp-block-heading\">Aplicaciones<\/h2>\n\n\n\n<figure class=\"wp-block-table applications\"><table><thead><tr><th>Mercados<\/th><th>Soluciones<\/th><\/tr><\/thead><tbody><tr><\/tr><tr><td><a href=\"https:\/\/www.cleanteqwater.com\/es\/mercados\/mineria\/\">Miner\u00eda<\/a><\/td><td><a href=\"https:\/\/www.cleanteqwater.com\/es\/soluciones\/eliminacion-de-la-dureza\/\">Eliminaci\u00f3n de Dureza<\/a><\/td><\/tr><tr><td><a href=\"https:\/\/www.cleanteqwater.com\/es\/mercados\/reutilizacion-de-aguas-residuales-municipales\/\">Reutilizaci\u00f3n de Aguas Residuales Municipales<\/a><\/td><td><a href=\"https:\/\/www.cleanteqwater.com\/es\/soluciones\/eliminacion-de-nutrientes\/\">Eliminaci\u00f3n de Nutrientes<\/a><\/td><\/tr><tr><td><a href=\"https:\/\/www.cleanteqwater.com\/es\/mercados\/agua-superficial\/\">Aguas Superficiales<\/a><\/td><td><a href=\"https:\/\/www.cleanteqwater.com\/es\/soluciones\/eliminacion-de-sulfatos\/\">Eliminaci\u00f3n de Sulfatos<\/a><\/td><\/tr><tr><td><a href=\"https:\/\/www.cleanteqwater.com\/es\/mercados\/aguas-subterraneas\/\">Aguas Subterr\u00e1neas<\/a><\/td><td><a href=\"https:\/\/www.cleanteqwater.com\/es\/soluciones\/desalinizacion\/\">Desalinizaci\u00f3n<\/a><\/td><\/tr><tr><td><a href=\"https:\/\/www.cleanteqwater.com\/es\/mercados\/plantas-de-energia\/\">Plantas de Energ\u00eda<\/a><\/td><td><a href=\"https:\/\/www.cleanteqwater.com\/es\/soluciones\/eliminacion-de-impurezas\/eliminacion-de-uranio\/\">Eliminaci\u00f3n del Uranio<\/a><\/td><\/tr><tr><td><a href=\"https:\/\/www.cleanteqwater.com\/es\/mercados\/plaguicidas\/\">Plaguicidas<\/a><\/td><td><a href=\"https:\/\/www.cleanteqwater.com\/es\/soluciones\/eliminacion-de-impurezas\/eliminacion-de-arsenico-antimonio\/\">Eliminaci\u00f3n de Ars\u00e9nico\/Antimonio<\/a><\/td><\/tr><tr><td><a href=\"https:\/\/www.cleanteqwater.com\/es\/mercados\/carbon-quimicos-finos-y-petroquimicos\/\">Carb\u00f3n, Qu\u00edmicos Finos y Petroqu\u00edmico<\/a><\/td><td><a href=\"https:\/\/www.cleanteqwater.com\/es\/soluciones\/eliminacion-de-impurezas\/eliminacion-del-selenio\/\">Eliminaci\u00f3n del Selenio<\/a><\/td><\/tr><tr><td><a href=\"https:\/\/www.cleanteqwater.com\/es\/mercados\/pesquerias\/\">Pesquer\u00edas<\/a><\/td><td><a href=\"https:\/\/www.cleanteqwater.com\/es\/soluciones\/eliminacion-de-impurezas\/eliminacion-de-boro\/\">Eliminaci\u00f3n de Boro<\/a><\/td><\/tr><tr><td><a href=\"https:\/\/www.cleanteqwater.com\/es\/mercados\/agricultura\/\">Agricultura<\/a><\/td><td><a href=\"https:\/\/www.cleanteqwater.com\/es\/soluciones\/eliminacion-de-la-dqo-dbo\/\">Eliminaci\u00f3n de DQO\/DBO<\/a><\/td><\/tr><\/tbody><\/table><\/figure>\n\n\n\n<h2 class=\"has-text-align-center wp-block-heading\">Obtenga M\u00e1s Informaci\u00f3n<\/h2>\n\n\n\n<p class=\"has-text-align-center\"><a href=\"https:\/\/www.cleanteqwater.com\/es\/contactenos\/\">Cont\u00e1ctenos<\/a>&nbsp;para conocer de qu\u00e9 m\u00e1s es capaz nuestra tecnolog\u00eda DESALX<sup>\u00ae<\/sup>&nbsp;y c\u00f3mo puede ayudar a su pr\u00f3ximo proyecto de tratamiento de agua.<\/p>\n","protected":false},"excerpt":{"rendered":"<p>DESALX\u00ae (2-Etapas CIF\u00ae) Nuestra tecnolog\u00eda DESALX\u00ae consiste en dos m\u00f3dulos CIF\u00ae en serie que eliminan tanto los cationes como los aniones presentes en el agua mediante un proceso complementario. Cada m\u00f3dulo CIF\u00ae comprende una serie de cuatro columnas, cada una de ellas dise\u00f1ada para una funci\u00f3n espec\u00edfica &#8211; filtraci\u00f3n i\u00f3nica, limpieza de resinas, regeneraci\u00f3n de [&hellip;]<\/p>\n","protected":false},"author":8,"featured_media":1956,"parent":38,"menu_order":0,"comment_status":"closed","ping_status":"closed","template":"template-img64.php","meta":{"inline_featured_image":false,"footnotes":""},"class_list":["post-1116","page","type-page","status-publish","has-post-thumbnail","hentry"],"_links":{"self":[{"href":"https:\/\/www.cleanteqwater.com\/es\/wp-json\/wp\/v2\/pages\/1116","targetHints":{"allow":["GET"]}}],"collection":[{"href":"https:\/\/www.cleanteqwater.com\/es\/wp-json\/wp\/v2\/pages"}],"about":[{"href":"https:\/\/www.cleanteqwater.com\/es\/wp-json\/wp\/v2\/types\/page"}],"author":[{"embeddable":true,"href":"https:\/\/www.cleanteqwater.com\/es\/wp-json\/wp\/v2\/users\/8"}],"replies":[{"embeddable":true,"href":"https:\/\/www.cleanteqwater.com\/es\/wp-json\/wp\/v2\/comments?post=1116"}],"version-history":[{"count":29,"href":"https:\/\/www.cleanteqwater.com\/es\/wp-json\/wp\/v2\/pages\/1116\/revisions"}],"predecessor-version":[{"id":2380,"href":"https:\/\/www.cleanteqwater.com\/es\/wp-json\/wp\/v2\/pages\/1116\/revisions\/2380"}],"up":[{"embeddable":true,"href":"https:\/\/www.cleanteqwater.com\/es\/wp-json\/wp\/v2\/pages\/38"}],"wp:featuredmedia":[{"embeddable":true,"href":"https:\/\/www.cleanteqwater.com\/es\/wp-json\/wp\/v2\/media\/1956"}],"wp:attachment":[{"href":"https:\/\/www.cleanteqwater.com\/es\/wp-json\/wp\/v2\/media?parent=1116"}],"curies":[{"name":"wp","href":"https:\/\/api.w.org\/{rel}","templated":true}]}}