{"id":1083,"date":"2020-04-03T04:04:10","date_gmt":"2020-04-03T04:04:10","guid":{"rendered":"https:\/\/staging8.cleanteqwater.com\/?page_id=1083"},"modified":"2020-07-06T05:07:50","modified_gmt":"2020-07-06T05:07:50","slug":"investigacion-y-desarrollo","status":"publish","type":"page","link":"https:\/\/www.cleanteqwater.com\/es\/servicios\/investigacion-y-desarrollo\/","title":{"rendered":"Investigaci\u00f3n y Desarrollo"},"content":{"rendered":"\n<h2 class=\"has-text-align-center wp-block-heading\">Investigaci\u00f3n y Desarrollo (R&amp;D)<\/h2>\n\n\n\n<p>Clean TeQ est\u00e1 a la vanguardia de la innovaci\u00f3n en la industria del agua, comprometida con la b\u00fasqueda de soluciones a los problemas de tratamiento de agua m\u00e1s desafiantes del mundo. Tenemos laboratorios avanzados en Melbourne, Perth y Pek\u00edn, que pueden ayudar a los clientes con R&amp;D como parte de sus proyectos comerciales. Un proyecto emocionante que se est\u00e1 investigando actualmente es el desarrollo de una novedosa membrana basada en \u00f3xido de grafeno, que requerir\u00e1 menos energ\u00eda en su funcionamiento y evitar\u00e1 muchos problemas de incrustaci\u00f3n y suciedad de las membranas convencionales.<\/p>\n\n\n\n<div class=\"wp-block-image\"><figure class=\"aligncenter size-large\"><img loading=\"lazy\" decoding=\"async\" width=\"640\" height=\"427\" src=\"\/cdn-cgi\/image\/quality=80,format=auto,onerror=redirect,metadata=none\/wp-content\/uploads\/sites\/4\/2020\/04\/r-and-d.jpg\" alt=\"\" class=\"wp-image-1099\" title=\"\" srcset=\"\/cdn-cgi\/image\/quality=80,format=auto,onerror=redirect,metadata=none\/wp-content\/uploads\/sites\/4\/2020\/04\/r-and-d.jpg 640w, \/cdn-cgi\/image\/width=300,height=200,fit=crop,quality=80,format=auto,onerror=redirect,metadata=none\/wp-content\/uploads\/sites\/4\/2020\/04\/r-and-d.jpg 300w\" sizes=\"auto, (max-width: 640px) 100vw, 640px\" \/><\/figure><\/div>\n\n\n\n<div class=\"wp-block-group\"><div class=\"wp-block-group__inner-container is-layout-flow wp-block-group-is-layout-flow\">\n<h2 class=\"has-text-align-center wp-block-heading\">Obtenga M\u00e1s Informaci\u00f3n<\/h2>\n\n\n\n<p class=\"has-text-align-center\"><a href=\"https:\/\/www.cleanteqwater.com\/es\/contactenos\/\">Cont\u00e1ctenos<\/a> para conocer sus necesidades de tratamiento de agua.<\/p>\n<\/div><\/div>\n","protected":false},"excerpt":{"rendered":"<p>Investigaci\u00f3n y Desarrollo (R&amp;D) Clean TeQ est\u00e1 a la vanguardia de la innovaci\u00f3n en la industria del agua, comprometida con la b\u00fasqueda de soluciones a los problemas de tratamiento de agua m\u00e1s desafiantes del mundo. Tenemos laboratorios avanzados en Melbourne, Perth y Pek\u00edn, que pueden ayudar a los clientes con R&amp;D como parte de sus [&hellip;]<\/p>\n","protected":false},"author":8,"featured_media":2048,"parent":253,"menu_order":0,"comment_status":"closed","ping_status":"closed","template":"template-img64.php","meta":{"inline_featured_image":false,"footnotes":""},"class_list":["post-1083","page","type-page","status-publish","has-post-thumbnail","hentry"],"_links":{"self":[{"href":"https:\/\/www.cleanteqwater.com\/es\/wp-json\/wp\/v2\/pages\/1083","targetHints":{"allow":["GET"]}}],"collection":[{"href":"https:\/\/www.cleanteqwater.com\/es\/wp-json\/wp\/v2\/pages"}],"about":[{"href":"https:\/\/www.cleanteqwater.com\/es\/wp-json\/wp\/v2\/types\/page"}],"author":[{"embeddable":true,"href":"https:\/\/www.cleanteqwater.com\/es\/wp-json\/wp\/v2\/users\/8"}],"replies":[{"embeddable":true,"href":"https:\/\/www.cleanteqwater.com\/es\/wp-json\/wp\/v2\/comments?post=1083"}],"version-history":[{"count":6,"href":"https:\/\/www.cleanteqwater.com\/es\/wp-json\/wp\/v2\/pages\/1083\/revisions"}],"predecessor-version":[{"id":2180,"href":"https:\/\/www.cleanteqwater.com\/es\/wp-json\/wp\/v2\/pages\/1083\/revisions\/2180"}],"up":[{"embeddable":true,"href":"https:\/\/www.cleanteqwater.com\/es\/wp-json\/wp\/v2\/pages\/253"}],"wp:featuredmedia":[{"embeddable":true,"href":"https:\/\/www.cleanteqwater.com\/es\/wp-json\/wp\/v2\/media\/2048"}],"wp:attachment":[{"href":"https:\/\/www.cleanteqwater.com\/es\/wp-json\/wp\/v2\/media?parent=1083"}],"curies":[{"name":"wp","href":"https:\/\/api.w.org\/{rel}","templated":true}]}}