{"id":1019,"date":"2020-04-01T05:28:46","date_gmt":"2020-04-01T05:28:46","guid":{"rendered":"https:\/\/staging8.cleanteqwater.com\/?page_id=1019"},"modified":"2020-07-06T04:50:23","modified_gmt":"2020-07-06T04:50:23","slug":"agua-superficial","status":"publish","type":"page","link":"https:\/\/www.cleanteqwater.com\/es\/mercados\/agua-superficial\/","title":{"rendered":"Agua Superficial"},"content":{"rendered":"\n<h2 class=\"has-text-align-center wp-block-heading\">Agua Superficial<\/h2>\n\n\n\n<p>El agua superficial es agua que se acumula en la superficie del suelo, como r\u00edos, lagos, estanques, presas y el oc\u00e9ano. Las aguas superficiales son una fuente com\u00fan de consumo humano, siendo el agua dulce superficial una de las fuentes de agua m\u00e1s rentables. Grandes cantidades de agua superficial tambi\u00e9n son utilizadas por una serie de industrias, como la industria agr\u00edcola, que es el mayor consumidor de agua del mundo. Junto con el uso de las aguas superficiales para diferentes aplicaciones, tambi\u00e9n existen requerimientos para que las industrias descarguen o eliminen el agua como agua superficial. En estos casos, los contaminantes acumulados por el uso del agua pueden causar problemas ambientales para la vida silvestre y problemas de salud en las personas que entran en contacto con el agua y, por lo tanto, se requiere un tratamiento prudente del agua antes de su descarga.<\/p>\n\n\n\n<h2 class=\"has-text-align-center wp-block-heading\">Suministro de Agua<\/h2>\n\n\n\n<p>La mayor\u00eda de los gobiernos del mundo establecen estrictos requisitos de calidad del agua cuando \u00e9sta va a entrar en contacto con los seres humanos, como el agua potable. Estas cualidades del agua se establecen para proteger la salud y el bienestar de las personas. El agua que se utiliza en la industria tambi\u00e9n tiene que cumplir con requisitos espec\u00edficos para proteger el medio ambiente, por ejemplo, la industria agr\u00edcola podr\u00eda contaminar las aguas subterr\u00e1neas cuando los contaminantes se filtran a trav\u00e9s del suelo. En industrias como la qu\u00edmica y la miner\u00eda, el agua con una alta concentraci\u00f3n de contaminantes puede afectar a la eficiencia de las operaciones.<\/p>\n\n\n\n<h2 class=\"has-text-align-center wp-block-heading\">Descarga a Aguas Superficiales<\/h2>\n\n\n\n<p>Liberar agua contaminada en lagos, r\u00edos o arroyos puede tener un efecto devastador en el medio ambiente local, da\u00f1ando eventualmente las plantas, los peces, la vida silvestre y los seres humanos. Esto puede ser un problema para la agricultura, la miner\u00eda, las centrales el\u00e9ctricas y las industrias qu\u00edmicas, que pueden producir agua contaminada al margen de las normas.<\/p>\n\n\n\n<h2 class=\"has-text-align-center wp-block-heading\">Nuestras Tecnolog\u00edas<\/h2>\n\n\n\n<p>Tenemos una amplia experiencia en el tratamiento de aguas superficiales para su uso y descarga en una serie de industrias utilizando nuestras tecnolog\u00edas patentadas. Podemos dise\u00f1ar una soluci\u00f3n de tratamiento rentable basada en sus especificaciones de agua de alimentaci\u00f3n y agua de consumo para asegurar que se cumplan sus requisitos.<\/p>\n\n\n\n<figure class=\"wp-block-table applications\"><table><tbody><tr><td><strong>Soluciones<\/strong><\/td><td><strong>Tecnolog\u00eda<\/strong><\/td><\/tr><tr><td><a href=\"https:\/\/www.cleanteqwater.com\/es\/soluciones\/eliminacion-de-la-dureza\/\">Eliminaci\u00f3n de Dureza<\/a><\/td><td><a href=\"https:\/\/www.cleanteqwater.com\/es\/tecnologia\/cif\/\">CIF<sup>\u00ae<\/sup><\/a>&nbsp;(Filtraci\u00f3n I\u00f3nica Continua)<\/td><\/tr><tr><td><a href=\"https:\/\/www.cleanteqwater.com\/es\/soluciones\/desalinizacion\/\">Desalinizaci\u00f3n<\/a><\/td><td><a href=\"https:\/\/www.cleanteqwater.com\/es\/tecnologia\/desalx\/\">DESALX<sup>\u00ae<\/sup><\/a>&nbsp;(2 Etapas CIF<sup>\u00ae<\/sup>)<br><a href=\"https:\/\/www.cleanteqwater.com\/es\/tecnologia\/hirox\/\">HIROX<sup>\u00ae<\/sup><\/a>&nbsp;(Osmosis Inversa de Alta Recuperaci\u00f3n)<\/td><\/tr><tr><td><a href=\"https:\/\/www.cleanteqwater.com\/es\/soluciones\/eliminacion-de-sulfatos\/\">Eliminaci\u00f3n de Sulfatos<\/a><\/td><td><a href=\"https:\/\/www.cleanteqwater.com\/es\/tecnologia\/desalx\/\">DESALX<sup>\u00ae<\/sup><\/a><\/td><\/tr><tr><td><a href=\"https:\/\/www.cleanteqwater.com\/es\/soluciones\/eliminacion-de-nutrientes\/\">Eliminaci\u00f3n de Nutrientes<\/a><\/td><td><a href=\"https:\/\/www.cleanteqwater.com\/es\/tecnologia\/cif\/\">CIF<sup>\u00ae<\/sup><\/a><br><a href=\"https:\/\/www.cleanteqwater.com\/es\/tecnologia\/bionex\/\">BIONEX\u2122<\/a><br><a href=\"https:\/\/www.cleanteqwater.com\/es\/tecnologia\/bioclens\/\">BIOCLENS\u2122<\/a><\/td><\/tr><tr><td>Eliminaci\u00f3n de Impurezas Met\u00e1licas<\/td><td><a href=\"https:\/\/www.cleanteqwater.com\/es\/tecnologia\/cif\/\">CIF<sup>\u00ae<\/sup><\/a><\/td><\/tr><\/tbody><\/table><\/figure>\n\n\n\n<div class=\"wp-block-group\"><div class=\"wp-block-group__inner-container is-layout-flow wp-block-group-is-layout-flow\">\n<h2 class=\"has-text-align-center wp-block-heading\">Obtenga M\u00e1s Informaci\u00f3n<\/h2>\n\n\n\n<p class=\"has-text-align-center\"><a href=\"https:\/\/www.cleanteqwater.com\/es\/contactenos\/\">Cont\u00e1ctenos<\/a> para conocer sus necesidades de tratamiento de agua.<\/p>\n<\/div><\/div>\n","protected":false},"excerpt":{"rendered":"<p>Agua Superficial El agua superficial es agua que se acumula en la superficie del suelo, como r\u00edos, lagos, estanques, presas y el oc\u00e9ano. Las aguas superficiales son una fuente com\u00fan de consumo humano, siendo el agua dulce superficial una de las fuentes de agua m\u00e1s rentables. Grandes cantidades de agua superficial tambi\u00e9n son utilizadas por [&hellip;]<\/p>\n","protected":false},"author":8,"featured_media":1939,"parent":30,"menu_order":0,"comment_status":"closed","ping_status":"closed","template":"template-img64.php","meta":{"inline_featured_image":false,"footnotes":""},"class_list":["post-1019","page","type-page","status-publish","has-post-thumbnail","hentry"],"_links":{"self":[{"href":"https:\/\/www.cleanteqwater.com\/es\/wp-json\/wp\/v2\/pages\/1019","targetHints":{"allow":["GET"]}}],"collection":[{"href":"https:\/\/www.cleanteqwater.com\/es\/wp-json\/wp\/v2\/pages"}],"about":[{"href":"https:\/\/www.cleanteqwater.com\/es\/wp-json\/wp\/v2\/types\/page"}],"author":[{"embeddable":true,"href":"https:\/\/www.cleanteqwater.com\/es\/wp-json\/wp\/v2\/users\/8"}],"replies":[{"embeddable":true,"href":"https:\/\/www.cleanteqwater.com\/es\/wp-json\/wp\/v2\/comments?post=1019"}],"version-history":[{"count":9,"href":"https:\/\/www.cleanteqwater.com\/es\/wp-json\/wp\/v2\/pages\/1019\/revisions"}],"predecessor-version":[{"id":2306,"href":"https:\/\/www.cleanteqwater.com\/es\/wp-json\/wp\/v2\/pages\/1019\/revisions\/2306"}],"up":[{"embeddable":true,"href":"https:\/\/www.cleanteqwater.com\/es\/wp-json\/wp\/v2\/pages\/30"}],"wp:featuredmedia":[{"embeddable":true,"href":"https:\/\/www.cleanteqwater.com\/es\/wp-json\/wp\/v2\/media\/1939"}],"wp:attachment":[{"href":"https:\/\/www.cleanteqwater.com\/es\/wp-json\/wp\/v2\/media?parent=1019"}],"curies":[{"name":"wp","href":"https:\/\/api.w.org\/{rel}","templated":true}]}}