{"id":1018,"date":"2020-04-01T05:28:17","date_gmt":"2020-04-01T05:28:17","guid":{"rendered":"https:\/\/staging8.cleanteqwater.com\/?page_id=1018"},"modified":"2020-07-06T04:51:08","modified_gmt":"2020-07-06T04:51:08","slug":"aguas-subterraneas","status":"publish","type":"page","link":"https:\/\/www.cleanteqwater.com\/es\/mercados\/aguas-subterraneas\/","title":{"rendered":"Aguas Subterr\u00e1neas"},"content":{"rendered":"\n<h2 class=\"has-text-align-center wp-block-heading\">Aguas Subterr\u00e1neas<\/h2>\n\n\n\n<p>El agua subterr\u00e1nea es agua que se obtiene de debajo de la tierra, como el agua de perforaci\u00f3n, agua de pozos o manantiales, y su volumen excede en gran medida el volumen de agua dulce superficial. El agua se mantiene en los acu\u00edferos, que son capas de roca o sedimentos subterr\u00e1neos capaces de contener el agua. La concentraci\u00f3n de impurezas en las aguas subterr\u00e1neas var\u00eda en gran medida seg\u00fan el lugar, desde ser adecuada como agua potable hasta ser altamente t\u00f3xica. Las aguas subterr\u00e1neas se utilizan ampliamente en la agricultura, la miner\u00eda y otras industrias, normalmente cuando se requieren vol\u00famenes mayores que los que existen como aguas superficiales. En algunos casos, el agua se vuelve a inyectar en los acu\u00edferos, lo que requiere un tratamiento cuidadoso de los contaminantes para proteger el medio ambiente.<\/p>\n\n\n\n<h2 class=\"has-text-align-center wp-block-heading\">Suministro de Agua<\/h2>\n\n\n\n<p>La mayor\u00eda de los gobiernos del mundo establecen estrictos requisitos de calidad del agua cuando \u00e9sta va a entrar en contacto con los seres humanos, como el agua potable, para proteger la salud y el bienestar de las personas. El agua utilizada por una industria tambi\u00e9n tiene que cumplir con requisitos espec\u00edficos para proteger el medio ambiente. En industrias como la qu\u00edmica y la miner\u00eda, el agua con una alta concentraci\u00f3n de contaminantes puede afectar a la eficiencia de las operaciones.<\/p>\n\n\n\n<p>Las impurezas en el agua subterr\u00e1nea var\u00edan en gran medida dependiendo de la ubicaci\u00f3n y la profundidad del agua, siendo los contaminantes como el nitrato, el ars\u00e9nico\/antimonio, el uranio y los pesticidas los responsables de algunos de los problemas de salud. El agua subterr\u00e1nea tambi\u00e9n puede ser \u00e1cida, tener una gran dureza y salinidad, lo que puede alterar el color, el sabor y el olor del agua.<\/p>\n\n\n\n<p>El bombeo excesivo de agua de un acu\u00edfero puede causar un descenso de la capa fre\u00e1tica en la zona. Cuando esto ocurre, la calidad y el volumen del suministro se ven afectados. Para reabastecer los acu\u00edferos o disponer de agua, se puede inyectar agua de nuevo en el acu\u00edfero.<\/p>\n\n\n\n<h2 class=\"has-text-align-center wp-block-heading\">Inyecci\u00f3n de Aguas Subterr\u00e1neas<\/h2>\n\n\n\n<p>Cuando se bombean grandes vol\u00famenes de agua de los acu\u00edferos, puede ser necesario reponerlos para asegurar que el suministro de agua contin\u00fae y evitar el hundimiento de la superficie terrestre. Los niveles de impureza de esta agua suelen regularse por razones ambientales, ya que las aguas subterr\u00e1neas pueden salir a la superficie a trav\u00e9s de los manantiales o afectar a las plantas por la absorci\u00f3n de agua. <\/p>\n\n\n\n<h2 class=\"has-text-align-center wp-block-heading\">Nuestras Tecnolog\u00edas<\/h2>\n\n\n\n<p>Tenemos una amplia experiencia en el tratamiento de aguas subterr\u00e1neas para su uso y descarga en una serie de industrias utilizando nuestras tecnolog\u00edas patentadas. Podemos dise\u00f1ar una soluci\u00f3n de tratamiento rentable basada en sus especificaciones de agua de alimentaci\u00f3n y agua de consumo para asegurar que se cumplan sus requisitos.<\/p>\n\n\n\n<figure class=\"wp-block-table applications\"><table><tbody><tr><td><strong>Soluciones<\/strong><\/td><td><strong>Tecnolog\u00eda<\/strong><\/td><\/tr><tr><td><a href=\"https:\/\/www.cleanteqwater.com\/es\/soluciones\/eliminacion-de-la-dureza\/\">Eliminaci\u00f3n de Dureza<\/a><\/td><td><a href=\"https:\/\/www.cleanteqwater.com\/es\/tecnologia\/cif\/\">CIF<sup>\u00ae<\/sup><\/a>&nbsp;(Filtraci\u00f3n I\u00f3nica Continua)<\/td><\/tr><tr><td><a href=\"https:\/\/www.cleanteqwater.com\/es\/soluciones\/desalinizacion\/\">Desalinizaci\u00f3n<\/a><\/td><td><a href=\"https:\/\/www.cleanteqwater.com\/es\/tecnologia\/desalx\/\">DESALX<sup>\u00ae<\/sup><\/a>&nbsp;(2 Etapas CIF<sup>\u00ae<\/sup>)<br><a href=\"https:\/\/www.cleanteqwater.com\/es\/tecnologia\/hirox\/\">HIROX<sup>\u00ae<\/sup><\/a>&nbsp;(Osmosis Inversa de Alta Recuperaci\u00f3n)<\/td><\/tr><tr><td><a href=\"https:\/\/www.cleanteqwater.com\/es\/soluciones\/eliminacion-de-sulfatos\/\">Eliminaci\u00f3n de Sulfatos<\/a><\/td><td><a href=\"https:\/\/www.cleanteqwater.com\/es\/tecnologia\/desalx\/\">DESALX<sup>\u00ae<\/sup><\/a><\/td><\/tr><tr><td><a href=\"https:\/\/www.cleanteqwater.com\/es\/soluciones\/eliminacion-de-nutrientes\/\">Eliminaci\u00f3n de Nutrientes<\/a><\/td><td><a href=\"https:\/\/www.cleanteqwater.com\/es\/tecnologia\/cif\/\">CIF<sup>\u00ae<\/sup><\/a><br><a href=\"https:\/\/www.cleanteqwater.com\/es\/tecnologia\/bionex\/\">BIONEX\u2122<\/a><br><a href=\"https:\/\/www.cleanteqwater.com\/es\/tecnologia\/bioclens\/\">BIOCLENS\u2122<\/a><\/td><\/tr><tr><td>Eliminaci\u00f3n de Impurezas Met\u00e1licas<\/td><td><a href=\"https:\/\/www.cleanteqwater.com\/es\/tecnologia\/cif\/\">CIF<sup>\u00ae<\/sup><\/a><\/td><\/tr><\/tbody><\/table><\/figure>\n\n\n\n<div class=\"wp-block-group\"><div class=\"wp-block-group__inner-container is-layout-flow wp-block-group-is-layout-flow\">\n<h2 class=\"has-text-align-center wp-block-heading\">Obtenga M\u00e1s Informaci\u00f3n<\/h2>\n\n\n\n<p class=\"has-text-align-center\"><a href=\"https:\/\/www.cleanteqwater.com\/es\/contactenos\/\">Cont\u00e1ctenos<\/a> para conocer sus necesidades de tratamiento de agua.<\/p>\n<\/div><\/div>\n","protected":false},"excerpt":{"rendered":"<p>Aguas Subterr\u00e1neas El agua subterr\u00e1nea es agua que se obtiene de debajo de la tierra, como el agua de perforaci\u00f3n, agua de pozos o manantiales, y su volumen excede en gran medida el volumen de agua dulce superficial. El agua se mantiene en los acu\u00edferos, que son capas de roca o sedimentos subterr\u00e1neos capaces de [&hellip;]<\/p>\n","protected":false},"author":8,"featured_media":1956,"parent":30,"menu_order":0,"comment_status":"closed","ping_status":"closed","template":"template-img64.php","meta":{"inline_featured_image":false,"footnotes":""},"class_list":["post-1018","page","type-page","status-publish","has-post-thumbnail","hentry"],"_links":{"self":[{"href":"https:\/\/www.cleanteqwater.com\/es\/wp-json\/wp\/v2\/pages\/1018","targetHints":{"allow":["GET"]}}],"collection":[{"href":"https:\/\/www.cleanteqwater.com\/es\/wp-json\/wp\/v2\/pages"}],"about":[{"href":"https:\/\/www.cleanteqwater.com\/es\/wp-json\/wp\/v2\/types\/page"}],"author":[{"embeddable":true,"href":"https:\/\/www.cleanteqwater.com\/es\/wp-json\/wp\/v2\/users\/8"}],"replies":[{"embeddable":true,"href":"https:\/\/www.cleanteqwater.com\/es\/wp-json\/wp\/v2\/comments?post=1018"}],"version-history":[{"count":8,"href":"https:\/\/www.cleanteqwater.com\/es\/wp-json\/wp\/v2\/pages\/1018\/revisions"}],"predecessor-version":[{"id":2305,"href":"https:\/\/www.cleanteqwater.com\/es\/wp-json\/wp\/v2\/pages\/1018\/revisions\/2305"}],"up":[{"embeddable":true,"href":"https:\/\/www.cleanteqwater.com\/es\/wp-json\/wp\/v2\/pages\/30"}],"wp:featuredmedia":[{"embeddable":true,"href":"https:\/\/www.cleanteqwater.com\/es\/wp-json\/wp\/v2\/media\/1956"}],"wp:attachment":[{"href":"https:\/\/www.cleanteqwater.com\/es\/wp-json\/wp\/v2\/media?parent=1018"}],"curies":[{"name":"wp","href":"https:\/\/api.w.org\/{rel}","templated":true}]}}