{"id":1009,"date":"2020-04-01T04:48:39","date_gmt":"2020-04-01T04:48:39","guid":{"rendered":"https:\/\/staging8.cleanteqwater.com\/?page_id=1009"},"modified":"2020-07-06T05:08:17","modified_gmt":"2020-07-06T05:08:17","slug":"suministro-de-equipo","status":"publish","type":"page","link":"https:\/\/www.cleanteqwater.com\/es\/servicios\/suministro-de-equipo\/","title":{"rendered":"Suministro de Equipo"},"content":{"rendered":"\n<h2 class=\"has-text-align-center wp-block-heading\">Suministro de Equipo<\/h2>\n\n\n\n<p>Clean TeQ Water tiene personal de suministro ubicado en Australia y China, y tiene buenas relaciones con los proveedores de todo el mundo. Esto permite obtener y suministrar a los clientes productos de calidad y costos competitivos. Todo el equipo suministrado por Clean TeQ Water alcanzar\u00e1 las especificaciones requeridas, y ser\u00e1 cuidadosamente inspeccionado y probado como parte de nuestro proceso de garant\u00eda de calidad.<\/p>\n\n\n\n<p>Suministramos paquetes de equipos integrados que le ayudan a resolver sus desaf\u00edos de tratamiento de agua. La mayor\u00eda de nuestros proyectos se construyen alrededor de nuestras tecnolog\u00edas b\u00e1sicas, cuando nuestros sistemas pueden proporcionar al cliente beneficios sustanciales, ya sea en el costo total de operaci\u00f3n o para una mayor fiabilidad y robustez.<\/p>\n\n\n\n<p>Tambi\u00e9n proporcionamos a nuestros clientes tecnolog\u00edas de membrana y filtraci\u00f3n como la \u00f3smosis inversa (OI), la microfiltraci\u00f3n (MF), la ultrafiltraci\u00f3n (UF) y los sistemas de nanofiltraci\u00f3n (NF), y otras tecnolog\u00edas como los paquetes de intercambio i\u00f3nico de lecho fijo y los sistemas de precipitaci\u00f3n.<\/p>\n\n\n\n<div class=\"wp-block-group\"><div class=\"wp-block-group__inner-container is-layout-flow wp-block-group-is-layout-flow\">\n<h2 class=\"has-text-align-center wp-block-heading\">Obtenga M\u00e1s Informaci\u00f3n<\/h2>\n\n\n\n<p class=\"has-text-align-center\"><a href=\"https:\/\/www.cleanteqwater.com\/es\/contactenos\/\">Cont\u00e1ctenos<\/a> para conocer sus necesidades de tratamiento de agua.<\/p>\n<\/div><\/div>\n","protected":false},"excerpt":{"rendered":"<p>Suministro de Equipo Clean TeQ Water tiene personal de suministro ubicado en Australia y China, y tiene buenas relaciones con los proveedores de todo el mundo. Esto permite obtener y suministrar a los clientes productos de calidad y costos competitivos. Todo el equipo suministrado por Clean TeQ Water alcanzar\u00e1 las especificaciones requeridas, y ser\u00e1 cuidadosamente [&hellip;]<\/p>\n","protected":false},"author":8,"featured_media":1935,"parent":253,"menu_order":0,"comment_status":"closed","ping_status":"closed","template":"template-img64.php","meta":{"inline_featured_image":false,"footnotes":""},"class_list":["post-1009","page","type-page","status-publish","has-post-thumbnail","hentry"],"_links":{"self":[{"href":"https:\/\/www.cleanteqwater.com\/es\/wp-json\/wp\/v2\/pages\/1009","targetHints":{"allow":["GET"]}}],"collection":[{"href":"https:\/\/www.cleanteqwater.com\/es\/wp-json\/wp\/v2\/pages"}],"about":[{"href":"https:\/\/www.cleanteqwater.com\/es\/wp-json\/wp\/v2\/types\/page"}],"author":[{"embeddable":true,"href":"https:\/\/www.cleanteqwater.com\/es\/wp-json\/wp\/v2\/users\/8"}],"replies":[{"embeddable":true,"href":"https:\/\/www.cleanteqwater.com\/es\/wp-json\/wp\/v2\/comments?post=1009"}],"version-history":[{"count":7,"href":"https:\/\/www.cleanteqwater.com\/es\/wp-json\/wp\/v2\/pages\/1009\/revisions"}],"predecessor-version":[{"id":2181,"href":"https:\/\/www.cleanteqwater.com\/es\/wp-json\/wp\/v2\/pages\/1009\/revisions\/2181"}],"up":[{"embeddable":true,"href":"https:\/\/www.cleanteqwater.com\/es\/wp-json\/wp\/v2\/pages\/253"}],"wp:featuredmedia":[{"embeddable":true,"href":"https:\/\/www.cleanteqwater.com\/es\/wp-json\/wp\/v2\/media\/1935"}],"wp:attachment":[{"href":"https:\/\/www.cleanteqwater.com\/es\/wp-json\/wp\/v2\/media?parent=1009"}],"curies":[{"name":"wp","href":"https:\/\/api.w.org\/{rel}","templated":true}]}}