{"id":1007,"date":"2020-04-01T04:47:17","date_gmt":"2020-04-01T04:47:17","guid":{"rendered":"https:\/\/staging8.cleanteqwater.com\/?page_id=1007"},"modified":"2020-07-06T05:06:21","modified_gmt":"2020-07-06T05:06:21","slug":"construir-poseer-y-operar-boo","status":"publish","type":"page","link":"https:\/\/www.cleanteqwater.com\/es\/servicios\/construir-poseer-y-operar-boo\/","title":{"rendered":"Construir, Poseer y Operar (BOO)"},"content":{"rendered":"\n<h2 class=\"has-text-align-center wp-block-heading\">Construir, Poseer y Operar (BOO)<\/h2>\n\n\n\n<p>Clean TeQ Water tiene experiencia en la entrega de proyectos bajo contratos BOO. Para estos proyectos, la ingenier\u00eda, adquisici\u00f3n y construcci\u00f3n se realizar\u00e1 con las mismas <a href=\"https:\/\/www.cleanteqwater.com\/es\/recursos\/garantia-de-calidad\/\">garant\u00edas de calidad<\/a> que nuestros contratos de <a href=\"https:\/\/www.cleanteqwater.com\/es\/servicios\/ingenieria-adquisicion-y-construccion-epc\/\">ingenier\u00eda, adquisici\u00f3n y construcci\u00f3n (EPC)<\/a>, con la principal diferencia de que Clean TeQ es propietario de la planta y la \u00f3pera en el terreno del cliente. En el pasado, las plantas de BOO han sido de naturaleza m\u00e1s m\u00f3vil, con componentes modulares, en contenedores o montados en plataformas que permiten desmontar y trasladar la planta. Tambi\u00e9n se han utilizado como plantas experimentales, incluso cuando se ha recibido financiaci\u00f3n de fuentes externas como el Gobierno.<\/p>\n\n\n\n<div class=\"wp-block-group\"><div class=\"wp-block-group__inner-container is-layout-flow wp-block-group-is-layout-flow\">\n<h2 class=\"has-text-align-center wp-block-heading\">Obtenga M\u00e1s Informaci\u00f3n<\/h2>\n\n\n\n<p class=\"has-text-align-center\"><a href=\"https:\/\/www.cleanteqwater.com\/es\/contactenos\/\">Cont\u00e1ctenos<\/a> para conocer sus necesidades de tratamiento de agua.<\/p>\n<\/div><\/div>\n","protected":false},"excerpt":{"rendered":"<p>Construir, Poseer y Operar (BOO) Clean TeQ Water tiene experiencia en la entrega de proyectos bajo contratos BOO. Para estos proyectos, la ingenier\u00eda, adquisici\u00f3n y construcci\u00f3n se realizar\u00e1 con las mismas garant\u00edas de calidad que nuestros contratos de ingenier\u00eda, adquisici\u00f3n y construcci\u00f3n (EPC), con la principal diferencia de que Clean TeQ es propietario de la [&hellip;]<\/p>\n","protected":false},"author":8,"featured_media":1935,"parent":253,"menu_order":0,"comment_status":"closed","ping_status":"closed","template":"template-img64.php","meta":{"inline_featured_image":false,"footnotes":""},"class_list":["post-1007","page","type-page","status-publish","has-post-thumbnail","hentry"],"_links":{"self":[{"href":"https:\/\/www.cleanteqwater.com\/es\/wp-json\/wp\/v2\/pages\/1007","targetHints":{"allow":["GET"]}}],"collection":[{"href":"https:\/\/www.cleanteqwater.com\/es\/wp-json\/wp\/v2\/pages"}],"about":[{"href":"https:\/\/www.cleanteqwater.com\/es\/wp-json\/wp\/v2\/types\/page"}],"author":[{"embeddable":true,"href":"https:\/\/www.cleanteqwater.com\/es\/wp-json\/wp\/v2\/users\/8"}],"replies":[{"embeddable":true,"href":"https:\/\/www.cleanteqwater.com\/es\/wp-json\/wp\/v2\/comments?post=1007"}],"version-history":[{"count":6,"href":"https:\/\/www.cleanteqwater.com\/es\/wp-json\/wp\/v2\/pages\/1007\/revisions"}],"predecessor-version":[{"id":2179,"href":"https:\/\/www.cleanteqwater.com\/es\/wp-json\/wp\/v2\/pages\/1007\/revisions\/2179"}],"up":[{"embeddable":true,"href":"https:\/\/www.cleanteqwater.com\/es\/wp-json\/wp\/v2\/pages\/253"}],"wp:featuredmedia":[{"embeddable":true,"href":"https:\/\/www.cleanteqwater.com\/es\/wp-json\/wp\/v2\/media\/1935"}],"wp:attachment":[{"href":"https:\/\/www.cleanteqwater.com\/es\/wp-json\/wp\/v2\/media?parent=1007"}],"curies":[{"name":"wp","href":"https:\/\/api.w.org\/{rel}","templated":true}]}}